{"id":226,"date":"2019-09-08T21:38:55","date_gmt":"2019-09-08T19:38:55","guid":{"rendered":"https:\/\/ch.nassanicosmetics.com\/?page_id=226"},"modified":"2023-08-03T15:59:20","modified_gmt":"2023-08-03T13:59:20","slug":"blog","status":"publish","type":"page","link":"https:\/\/ch.nassanicosmetics.com\/en\/blog\/","title":{"rendered":"Blog"},"content":{"rendered":"<p>[et_pb_section fb_built=&#8221;1&#8243; admin_label=&#8221;Hero Section&#8221; _builder_version=&#8221;4.16&#8243; use_background_color_gradient=&#8221;on&#8221; background_color_gradient_direction=&#8221;90deg&#8221; background_color_gradient_stops=&#8221;rgba(244,240,233,0.9) 30%|rgba(244,240,233,0) 100%&#8221; background_color_gradient_overlays_image=&#8221;on&#8221; background_color_gradient_start=&#8221;rgba(244,240,233,0.9)&#8221; background_color_gradient_start_position=&#8221;30%&#8221; background_color_gradient_end=&#8221;rgba(244,240,233,0)&#8221; background_image=&#8221;https:\/\/ch.nassanicosmetics.com\/wp-content\/uploads\/sites\/3\/2020\/12\/img_5871.png&#8221; custom_margin=&#8221;|||&#8221; custom_padding=&#8221;45px|0px|53px|0px||&#8221; global_colors_info=&#8221;{}&#8221; disabled_on=&#8221;on|on|on&#8221; disabled=&#8221;on&#8221;][et_pb_row custom_padding_last_edited=&#8221;off|desktop&#8221; admin_label=&#8221;Hero Area&#8221; _builder_version=&#8221;4.16&#8243; custom_padding=&#8221;27px|0px|0px|0px&#8221; global_colors_info=&#8221;{}&#8221;][et_pb_column type=&#8221;4_4&#8243; _builder_version=&#8221;4.16&#8243; custom_padding=&#8221;|||&#8221; global_colors_info=&#8221;{}&#8221; custom_padding__hover=&#8221;|||&#8221;][et_pb_text admin_label=&#8221;Hero Title&#8221; _builder_version=&#8221;4.16&#8243; text_font=&#8221;Playfair Display||||||||&#8221; header_font=&#8221;Alice||||||||&#8221; header_font_size=&#8221;80px&#8221; header_letter_spacing=&#8221;-3px&#8221; header_line_height=&#8221;1.1em&#8221; custom_margin=&#8221;||0px|&#8221; custom_padding=&#8221;|||&#8221; animation_style=&#8221;slide&#8221; animation_direction=&#8221;left&#8221; animation_intensity_slide=&#8221;5%&#8221; animation_starting_opacity=&#8221;100%&#8221; text_font_size_last_edited=&#8221;off|desktop&#8221; header_font_size_tablet=&#8221;&#8221; header_font_size_phone=&#8221;60px&#8221; header_font_size_last_edited=&#8221;on|phone&#8221; global_colors_info=&#8221;{}&#8221;]<\/p>\n<h1>Blog<\/h1>\n<p>[\/et_pb_text][et_pb_text _builder_version=&#8221;4.16&#8243; text_font=&#8221;||||||||&#8221; text_font_size=&#8221;18px&#8221; text_line_height=&#8221;1.8em&#8221; header_font=&#8221;||||||||&#8221; max_width=&#8221;505px&#8221; custom_margin=&#8221;|||&#8221; custom_padding=&#8221;||10px|&#8221; animation_style=&#8221;slide&#8221; animation_direction=&#8221;left&#8221; animation_intensity_slide=&#8221;5%&#8221; animation_starting_opacity=&#8221;100%&#8221; global_colors_info=&#8221;{}&#8221;]<\/p>\n<p>Notre blog mettra en lumi\u00e8re les propri\u00e9t\u00e9s et les avantages des huiles essentielles, des extraits naturels et de leurs usages pour les soins de la <strong>barbe et des cheveux, les soins de la peau et anti-\u00e2ge et la bio-cosm\u00e9tique.<\/strong><\/p>\n<p>[\/et_pb_text][\/et_pb_column][\/et_pb_row][\/et_pb_section][et_pb_section fb_built=&#8221;1&#8243; admin_label=&#8221;Blog Section&#8221; _builder_version=&#8221;4.16&#8243; custom_padding=&#8221;60px||110px|||&#8221; global_colors_info=&#8221;{}&#8221;][et_pb_row use_custom_gutter=&#8221;on&#8221; gutter_width=&#8221;2&#8243; _builder_version=&#8221;4.18.0&#8243; width=&#8221;90%&#8221; max_width=&#8221;1180px&#8221; global_colors_info=&#8221;{}&#8221;][et_pb_column type=&#8221;4_4&#8243; _builder_version=&#8221;4.16&#8243; custom_padding=&#8221;|||&#8221; global_colors_info=&#8221;{}&#8221; custom_padding__hover=&#8221;|||&#8221;][et_pb_blog fullwidth=&#8221;off&#8221; include_categories=&#8221;29,28&#8243; meta_date=&#8221;j, M, Y&#8221; use_manual_excerpt=&#8221;off&#8221; excerpt_length=&#8221;0&#8243; show_author=&#8221;off&#8221; show_date=&#8221;off&#8221; show_categories=&#8221;off&#8221; show_excerpt=&#8221;off&#8221; masonry_tile_background_color=&#8221;#f7f7f7&#8243; _builder_version=&#8221;4.21.0&#8243; header_level=&#8221;h1&#8243; header_font=&#8221;Oranienbaum|700|||||||&#8221; header_text_color=&#8221;#000000&#8243; body_font=&#8221;||||||||&#8221; body_font_size=&#8221;16px&#8221; body_line_height=&#8221;1.8em&#8221; meta_font=&#8221;||||||||&#8221; meta_text_color=&#8221;rgba(0,0,0,0.23)&#8221; border_width_all=&#8221;0px&#8221; global_colors_info=&#8221;{}&#8221;][\/et_pb_blog][\/et_pb_column][\/et_pb_row][\/et_pb_section][et_pb_section fb_built=&#8221;1&#8243; admin_label=&#8221;Email Subscribe Section&#8221; _builder_version=&#8221;4.16&#8243; background_color=&#8221;#e7efef&#8221; use_background_color_gradient=&#8221;on&#8221; background_color_gradient_direction=&#8221;90deg&#8221; background_color_gradient_stops=&#8221;#d5dee8 30%|rgba(213,222,232,0) 100%&#8221; background_color_gradient_overlays_image=&#8221;on&#8221; background_color_gradient_start=&#8221;#d5dee8&#8243; background_color_gradient_start_position=&#8221;30%&#8221; background_color_gradient_end=&#8221;rgba(213,222,232,0)&#8221; background_image=&#8221;https:\/\/ch.nassanicosmetics.com\/wp-content\/uploads\/sites\/3\/2019\/09\/cosmetiques-naturels-newsletter.jpeg&#8221; background_blend=&#8221;hard-light&#8221; custom_padding=&#8221;7%|0px|7%|0px&#8221; global_colors_info=&#8221;{}&#8221;][et_pb_row column_structure=&#8221;1_2,1_2&#8243; admin_label=&#8221;HRow&#8221; _builder_version=&#8221;4.16&#8243; use_background_color_gradient=&#8221;on&#8221; background_color_gradient_direction=&#8221;172deg&#8221; background_color_gradient_stops=&#8221;rgba(71,64,67,0) 17%|#204699 80%&#8221; background_color_gradient_start=&#8221;rgba(71,64,67,0)&#8221; background_color_gradient_start_position=&#8221;17%&#8221; background_color_gradient_end=&#8221;#204699&#8243; background_color_gradient_end_position=&#8221;80%&#8221; width_tablet=&#8221;&#8221; width_phone=&#8221;90%&#8221; width_last_edited=&#8221;on|phone&#8221; custom_width_px=&#8221;1440px&#8221; global_module=&#8221;271&#8243; saved_tabs=&#8221;all&#8221; global_colors_info=&#8221;{}&#8221;][et_pb_column type=&#8221;1_2&#8243; _builder_version=&#8221;4.16&#8243; custom_padding=&#8221;|||&#8221; global_colors_info=&#8221;{}&#8221; custom_padding__hover=&#8221;|||&#8221;][et_pb_text _builder_version=&#8221;4.16&#8243; global_colors_info=&#8221;{}&#8221;]<\/p>\n<h2 class=\"et_pb_module_header et-fb-editable-element et-fb-editable-element__editing\" data-shortcode-id=\"8.0.0.0-1583457864099\" data-quickaccess-id=\"header\" contenteditable=\"true\" style=\"text-align: center;\"><strong>Restez au courant !<\/strong><\/h2>\n<p>[\/et_pb_text][et_pb_code _builder_version=&#8221;4.18.0&#8243; custom_padding_tablet=&#8221;&#8221; custom_padding_phone=&#8221;|25px||25px|false|false&#8221; custom_padding_last_edited=&#8221;on|phone&#8221; global_colors_info=&#8221;{}&#8221;]<!-- Noptin Newsletter Plugin v2.0.5 - https:\/\/wordpress.org\/plugins\/newsletter-optin-box\/ --><form id=\"noptin-form-1\" class=\"noptin-newsletter-form noptin-form noptin-form-1 noptin-form-source-4207 noptin-label-show noptin-styles-basic noptin-template-normal\" method=\"post\" novalidate data-id=\"1\" ><h2>Newsletter<\/h2><br \/><div class=\"noptin-form-fields\">\t\t\t<div id=\"noptin-form-1__email--wrapper\" class=\"noptin-form-field-wrapper noptin-form-field-email\" >\n\t\t\n\t\t\t<label class=\"noptin-label\" for=\"noptin-form-1__field-email\">Email Address<\/label>\n\t\t\t<input\n\t\t\t\tname=\"noptin_fields[email]\"\n\t\t\t\tid=\"noptin-form-1__field-email\"\n\t\t\t\ttype=\"email\"\n\t\t\t\tvalue=\"\"\n\t\t\t\tclass=\"noptin-text noptin-form-field noptin-form-field__has-no-placeholder\"\n\t\t\t\t\t\t\t\t\tplaceholder=\"Email Address\"\n\t\t\t\t\t\t\t\trequired\t\t\t\/>\n\n\t\t<\/div>\t\t\t<div id=\"noptin-form-1__consent--wrapper\" class=\"noptin-form-field-wrapper noptin-form-field-consent\" >\n\t\t\n\t\t\t<label>\n\t\t\t\t<input\n\t\t\t\t\tname=\"GDPR_consent\"\n\t\t\t\t\tid=\"noptin-form-1__field-email\"\n\t\t\t\t\ttype='checkbox'\n\t\t\t\t\tvalue='1'\n\t\t\t\t\tclass='noptin-checkbox-form-field'\n\t\t\t\t\trequired\n\t\t\t\t\/><span>Veuillez accepter nos <a href=\"https:\/\/www.iubenda.com\/conditions-generales\/58235314\">Conditions g\u00e9n\u00e9rales<\/a> et <a href=\"https:\/\/www.iubenda.com\/privacy-policy\/58235314\">d\u00e9claration de confidentialit\u00e9<\/a><\/span>\n\t\t\t<\/label>\n\n\t\t\t<\/div>\t\t\t<div id=\"noptin-form-1__submit--wrapper\" class=\"noptin-form-field-wrapper noptin-form-field-submit\" >\n\t\t\n\t\t\t<button type=\"submit\" id=\"noptin-form-1__submit\" class=\"noptin-form-submit btn button btn-primary button-primary wp-element-button\" name=\"noptin-submit\" >S&#039;abonner<\/button>\n\n\t\t<\/div><\/div><input type=\"hidden\" name=\"noptin_nonce\" value=\"f7cf0873a3\" \/><input type=\"hidden\" name=\"conversion_page\" value=\"https:\/\/ch.nassanicosmetics.com\/en\/wp-json\/wp\/v2\/pages\/226\/\" \/><input type=\"hidden\" name=\"action\" value=\"noptin_process_ajax_subscriber\" \/><input type=\"hidden\" name=\"noptin_process_request\" value=\"1\" \/><input type=\"hidden\" name=\"noptin_timestamp\" value=\"1776204407\" \/><input type=\"hidden\" name=\"noptin_element_id\" value=\"1\" \/><input type=\"hidden\" name=\"noptin_unique_id\" value=\"noptin_frm_478a182edce3e47d27c27b47ff178a0d\" \/><input type=\"hidden\" name=\"source\" value=\"4207\" \/><input type=\"hidden\" name=\"form_action\" value=\"subscribe\" \/>\t\t\t<label style=\"display: none !important;\">Leave this field empty if you're not a robot: <input type=\"text\" name=\"noptin_ign\" value=\"\" tabindex=\"-1\" autocomplete=\"off\" \/><\/label>\n\t\t<font color=\"white\">Newsletter seulement envoy\u00e9e chaque trimestre. Vous ne serez jamais importun\u00e9\/e avec du spam de notre part. Et votre email ne sera jamais vendu ni partag\u00e9 avec qui que ce soit. <\/font><div class=\"noptin-form-notice noptin-response\" role=\"alert\"><\/div><div class=\"noptin-loader\"><span><\/span><\/div><\/form><!-- \/ Noptin Newsletter Plugin -->[\/et_pb_code][\/et_pb_column][et_pb_column type=&#8221;1_2&#8243; _builder_version=&#8221;4.16&#8243; custom_padding=&#8221;|||&#8221; global_colors_info=&#8221;{}&#8221; custom_padding__hover=&#8221;|||&#8221;][et_pb_code _builder_version=&#8221;4.16&#8243; global_colors_info=&#8221;{}&#8221;][\/et_pb_code][\/et_pb_column][\/et_pb_row][\/et_pb_section][et_pb_section fb_built=&#8221;1&#8243; admin_label=&#8221;Footer Section&#8221; _builder_version=&#8221;4.16&#8243; custom_padding=&#8221;110px||110px|&#8221; global_colors_info=&#8221;{}&#8221;][et_pb_row column_structure=&#8221;1_3,2_3&#8243; admin_label=&#8221;Footer Area&#8221; _builder_version=&#8221;3.25&#8243; global_module=&#8221;274&#8243; global_colors_info=&#8221;{}&#8221;][et_pb_column type=&#8221;1_3&#8243; _builder_version=&#8221;4.16&#8243; custom_padding=&#8221;|||&#8221; global_colors_info=&#8221;{}&#8221; custom_padding__hover=&#8221;|||&#8221;][et_pb_text admin_label=&#8221;Title&#8221; _builder_version=&#8221;4.16&#8243; text_font=&#8221;||||||||&#8221; header_font=&#8221;||||||||&#8221; header_2_font=&#8221;Alice||||||||&#8221; header_2_font_size=&#8221;36px&#8221; animation_style=&#8221;fold&#8221; animation_direction=&#8221;left&#8221; animation_intensity_fold=&#8221;20%&#8221; animation_starting_opacity=&#8221;100%&#8221; global_colors_info=&#8221;{}&#8221;]<\/p>\n<h2>Coordonn\u00e9es<\/h2>\n<p>[\/et_pb_text][et_pb_blurb title=&#8221;Adresse&#8221; admin_label=&#8221;Address&#8221; _builder_version=&#8221;4.16&#8243; header_font=&#8221;|600|||||||&#8221; header_font_size=&#8221;16px&#8221; header_line_height=&#8221;1.8em&#8221; body_font=&#8221;||||||||&#8221; body_font_size=&#8221;16px&#8221; body_line_height=&#8221;1.8em&#8221; animation_style=&#8221;fold&#8221; animation_direction=&#8221;left&#8221; animation_intensity_fold=&#8221;20%&#8221; animation_starting_opacity=&#8221;100%&#8221; global_colors_info=&#8221;{}&#8221;]<\/p>\n<p>Chemin de Compostelle 12<br \/>1212 Lancy, Gen\u00e8ve, Suisse.<\/p>\n<p>[\/et_pb_blurb][et_pb_blurb title=&#8221;Email&#8221; admin_label=&#8221;Address&#8221; _builder_version=&#8221;4.16&#8243; header_font=&#8221;|600|||||||&#8221; header_font_size=&#8221;16px&#8221; header_line_height=&#8221;1.8em&#8221; body_font=&#8221;||||||||&#8221; body_font_size=&#8221;16px&#8221; body_line_height=&#8221;1.8em&#8221; animation_style=&#8221;fold&#8221; animation_direction=&#8221;left&#8221; animation_intensity_fold=&#8221;20%&#8221; animation_starting_opacity=&#8221;100%&#8221; global_colors_info=&#8221;{}&#8221;]<\/p>\n<p><a href=\"mailto:in**@*****ni.ch\" data-original-string=\"pYz7H+ms04I7R6KMltOnaw==82b7m1Ws4aVg0xH29AY5PGAxQ==\" title=\"This contact has been encoded by Anti-Spam by CleanTalk. Click to decode. To finish the decoding make sure that JavaScript is enabled in your browser.\"><span \n                data-original-string='c5CgNZP+adatWWbVoMXH\/g==82bTHO+Ek1Z4weLvd4600zNYQ=='\n                class='apbct-email-encoder'\n                title='This contact has been encoded by Anti-Spam by CleanTalk. Click to decode. To finish the decoding make sure that JavaScript is enabled in your browser.'>in<span class=\"apbct-blur\">**<\/span>@<span class=\"apbct-blur\">*****<\/span>ni.ch<\/span><\/a><\/p>\n<p>[\/et_pb_blurb][et_pb_blurb title=&#8221;T\u00e9l. \/ email&#8221; disabled_on=&#8221;on|on|on&#8221; admin_label=&#8221;Address&#8221; _builder_version=&#8221;4.16&#8243; header_font=&#8221;|600|||||||&#8221; header_font_size=&#8221;16px&#8221; header_line_height=&#8221;1.8em&#8221; body_font=&#8221;||||||||&#8221; body_font_size=&#8221;16px&#8221; body_line_height=&#8221;1.8em&#8221; animation_style=&#8221;fold&#8221; animation_direction=&#8221;left&#8221; animation_intensity_fold=&#8221;20%&#8221; animation_starting_opacity=&#8221;100%&#8221; disabled=&#8221;on&#8221; global_colors_info=&#8221;{}&#8221;]<\/p>\n<p><a href=\"tel:+41793562734\">+41 (0)79 356 27 34<\/a><br \/> <a href=\"mailto:in**@*****ni.ch\" data-original-string=\"0BVeS67AB6XIkPZR4Ne2VQ==82bzqS0r7cmxLJrugySK\/3APg==\" title=\"This contact has been encoded by Anti-Spam by CleanTalk. Click to decode. To finish the decoding make sure that JavaScript is enabled in your browser.\"><span \n                data-original-string='I5ZmofP2Pg6TZqE6rDL5UA==82bGo7EM8pQhBwLOp45tP9eNg=='\n                class='apbct-email-encoder'\n                title='This contact has been encoded by Anti-Spam by CleanTalk. Click to decode. To finish the decoding make sure that JavaScript is enabled in your browser.'>in<span class=\"apbct-blur\">**<\/span>@<span class=\"apbct-blur\">*****<\/span>ni.ch<\/span><\/a><\/p>\n<p>[\/et_pb_blurb][et_pb_blurb title=&#8221;Visite&#8221; admin_label=&#8221;Address&#8221; _builder_version=&#8221;4.16&#8243; header_font=&#8221;|600|||||||&#8221; header_font_size=&#8221;16px&#8221; header_line_height=&#8221;1.8em&#8221; body_font=&#8221;||||||||&#8221; body_font_size=&#8221;16px&#8221; body_line_height=&#8221;1.8em&#8221; animation_style=&#8221;fold&#8221; animation_direction=&#8221;left&#8221; animation_intensity_fold=&#8221;20%&#8221; animation_starting_opacity=&#8221;100%&#8221; global_colors_info=&#8221;{}&#8221;]<\/p>\n<p>Sous rendez-vous\u00a0<br \/>uniquement.<\/p>\n<p>[\/et_pb_blurb][\/et_pb_column][et_pb_column type=&#8221;2_3&#8243; _builder_version=&#8221;4.16&#8243; custom_padding=&#8221;|||&#8221; global_colors_info=&#8221;{}&#8221; custom_padding__hover=&#8221;|||&#8221;][et_pb_contact_form email=&#8221;<span \n                data-original-string='SGSaFs5D07weojDUKWAfBg==82bP9j67i280bnR\/XOsGFOwPg=='\n                class='apbct-email-encoder'\n                title='This contact has been encoded by Anti-Spam by CleanTalk. Click to decode. To finish the decoding make sure that JavaScript is enabled in your browser.'>in<span class=\"apbct-blur\">**<\/span>@<span class=\"apbct-blur\">*****<\/span>ni.ch<\/span>&#8221; title=&#8221;Contact&#8221; success_message=&#8221;Merci ! Nous vous contacterons bient\u00f4t !&#8221; submit_button_text=&#8221;Envoyer&#8221; disabled_on=&#8221;on|on|on&#8221; module_id=&#8221;et_pb_contact_form_0&#8243; _builder_version=&#8221;4.16&#8243; _unique_id=&#8221;3ce8521f-dcde-4684-88e1-9f76c3b067cf&#8221; form_field_background_color=&#8221;rgba(255,255,255,0)&#8221; title_font=&#8221;Alice||||||||&#8221; title_font_size=&#8221;36px&#8221; form_field_font=&#8221;||||||||&#8221; form_field_font_size=&#8221;16px&#8221; custom_button=&#8221;on&#8221; button_text_size=&#8221;14px&#8221; button_text_color=&#8221;#2a2a2a&#8221; button_bg_color=&#8221;#e0c588&#8243; button_border_width=&#8221;12px&#8221; button_border_color=&#8221;#e0c588&#8243; button_border_radius=&#8221;30px&#8221; button_letter_spacing=&#8221;2px&#8221; button_font=&#8221;Poppins|600||on|||||&#8221; button_use_icon=&#8221;off&#8221; animation_style=&#8221;fade&#8221; border_width_all=&#8221;1px&#8221; border_color_all=&#8221;rgba(0,0,0,0.12)&#8221; form_background_color=&#8221;rgba(255,255,255,0)&#8221; disabled=&#8221;on&#8221; global_colors_info=&#8221;{}&#8221;][et_pb_contact_field field_id=&#8221;Nom&#8221; field_title=&#8221;Nom, pr\u00e9nom&#8221; _builder_version=&#8221;4.16&#8243; form_field_font=&#8221;||||||||&#8221; global_colors_info=&#8221;{}&#8221; button_text_size__hover_enabled=&#8221;off&#8221; button_one_text_size__hover_enabled=&#8221;off&#8221; button_two_text_size__hover_enabled=&#8221;off&#8221; button_text_color__hover_enabled=&#8221;off&#8221; button_one_text_color__hover_enabled=&#8221;off&#8221; button_two_text_color__hover_enabled=&#8221;off&#8221; button_border_width__hover_enabled=&#8221;off&#8221; button_one_border_width__hover_enabled=&#8221;off&#8221; button_two_border_width__hover_enabled=&#8221;off&#8221; button_border_color__hover_enabled=&#8221;off&#8221; button_one_border_color__hover_enabled=&#8221;off&#8221; button_two_border_color__hover_enabled=&#8221;off&#8221; button_border_radius__hover_enabled=&#8221;off&#8221; button_one_border_radius__hover_enabled=&#8221;off&#8221; button_two_border_radius__hover_enabled=&#8221;off&#8221; button_letter_spacing__hover_enabled=&#8221;off&#8221; button_one_letter_spacing__hover_enabled=&#8221;off&#8221; button_two_letter_spacing__hover_enabled=&#8221;off&#8221; button_bg_color__hover_enabled=&#8221;off&#8221; button_one_bg_color__hover_enabled=&#8221;off&#8221; button_two_bg_color__hover_enabled=&#8221;off&#8221;][\/et_pb_contact_field][et_pb_contact_field field_id=&#8221;Email&#8221; field_title=&#8221;Email&#8221; field_type=&#8221;email&#8221; _builder_version=&#8221;4.16&#8243; global_colors_info=&#8221;{}&#8221; button_text_size__hover_enabled=&#8221;off&#8221; button_one_text_size__hover_enabled=&#8221;off&#8221; button_two_text_size__hover_enabled=&#8221;off&#8221; button_text_color__hover_enabled=&#8221;off&#8221; button_one_text_color__hover_enabled=&#8221;off&#8221; button_two_text_color__hover_enabled=&#8221;off&#8221; button_border_width__hover_enabled=&#8221;off&#8221; button_one_border_width__hover_enabled=&#8221;off&#8221; button_two_border_width__hover_enabled=&#8221;off&#8221; button_border_color__hover_enabled=&#8221;off&#8221; button_one_border_color__hover_enabled=&#8221;off&#8221; button_two_border_color__hover_enabled=&#8221;off&#8221; button_border_radius__hover_enabled=&#8221;off&#8221; button_one_border_radius__hover_enabled=&#8221;off&#8221; button_two_border_radius__hover_enabled=&#8221;off&#8221; button_letter_spacing__hover_enabled=&#8221;off&#8221; button_one_letter_spacing__hover_enabled=&#8221;off&#8221; button_two_letter_spacing__hover_enabled=&#8221;off&#8221; button_bg_color__hover_enabled=&#8221;off&#8221; button_one_bg_color__hover_enabled=&#8221;off&#8221; button_two_bg_color__hover_enabled=&#8221;off&#8221;][\/et_pb_contact_field][et_pb_contact_field field_id=&#8221;Message&#8221; field_title=&#8221;Message&#8221; field_type=&#8221;text&#8221; fullwidth_field=&#8221;on&#8221; _builder_version=&#8221;4.16&#8243; global_colors_info=&#8221;{}&#8221; button_text_size__hover_enabled=&#8221;off&#8221; button_one_text_size__hover_enabled=&#8221;off&#8221; button_two_text_size__hover_enabled=&#8221;off&#8221; button_text_color__hover_enabled=&#8221;off&#8221; button_one_text_color__hover_enabled=&#8221;off&#8221; button_two_text_color__hover_enabled=&#8221;off&#8221; button_border_width__hover_enabled=&#8221;off&#8221; button_one_border_width__hover_enabled=&#8221;off&#8221; button_two_border_width__hover_enabled=&#8221;off&#8221; button_border_color__hover_enabled=&#8221;off&#8221; button_one_border_color__hover_enabled=&#8221;off&#8221; button_two_border_color__hover_enabled=&#8221;off&#8221; button_border_radius__hover_enabled=&#8221;off&#8221; button_one_border_radius__hover_enabled=&#8221;off&#8221; button_two_border_radius__hover_enabled=&#8221;off&#8221; button_letter_spacing__hover_enabled=&#8221;off&#8221; button_one_letter_spacing__hover_enabled=&#8221;off&#8221; button_two_letter_spacing__hover_enabled=&#8221;off&#8221; button_bg_color__hover_enabled=&#8221;off&#8221; button_one_bg_color__hover_enabled=&#8221;off&#8221; button_two_bg_color__hover_enabled=&#8221;off&#8221;][\/et_pb_contact_field][\/et_pb_contact_form][\/et_pb_column][\/et_pb_row][\/et_pb_section]<\/p>\n","protected":false},"excerpt":{"rendered":"<p>BlogNotre blog mettra en lumi\u00e8re les propri\u00e9t\u00e9s et les avantages des huiles essentielles, des extraits naturels et de leurs usages pour les soins de la barbe et des cheveux, les soins de la peau et anti-\u00e2ge et la bio-cosm\u00e9tique.Restez au courant !<!-- Noptin Newsletter Plugin v2.0.5 - https:\/\/wordpress.org\/plugins\/newsletter-optin-box\/ --><form id=\"noptin-form-2\" class=\"noptin-newsletter-form noptin-form noptin-form-2 noptin-form-source-4207 noptin-label-show noptin-styles-basic noptin-template-normal\" method=\"post\" novalidate data-id=\"2\" ><h2>Newsletter<\/h2><br \/><div class=\"noptin-form-fields\">\t\t\t<div id=\"noptin-form-2__email--wrapper\" class=\"noptin-form-field-wrapper noptin-form-field-email\" >\n\t\t\n\t\t\t<label class=\"noptin-label\" for=\"noptin-form-2__field-email\">Email Address<\/label>\n\t\t\t<input\n\t\t\t\tname=\"noptin_fields[email]\"\n\t\t\t\tid=\"noptin-form-2__field-email\"\n\t\t\t\ttype=\"email\"\n\t\t\t\tvalue=\"\"\n\t\t\t\tclass=\"noptin-text noptin-form-field noptin-form-field__has-no-placeholder\"\n\t\t\t\t\t\t\t\t\tplaceholder=\"Email Address\"\n\t\t\t\t\t\t\t\trequired\t\t\t\/>\n\n\t\t<\/div>\t\t\t<div id=\"noptin-form-2__consent--wrapper\" class=\"noptin-form-field-wrapper noptin-form-field-consent\" >\n\t\t\n\t\t\t<label>\n\t\t\t\t<input\n\t\t\t\t\tname=\"GDPR_consent\"\n\t\t\t\t\tid=\"noptin-form-2__field-email\"\n\t\t\t\t\ttype='checkbox'\n\t\t\t\t\tvalue='1'\n\t\t\t\t\tclass='noptin-checkbox-form-field'\n\t\t\t\t\trequired\n\t\t\t\t\/><span>Veuillez accepter nos <a href=\"https:\/\/www.iubenda.com\/conditions-generales\/58235314\">Conditions g\u00e9n\u00e9rales<\/a> et <a href=\"https:\/\/www.iubenda.com\/privacy-policy\/58235314\">d\u00e9claration de confidentialit\u00e9<\/a><\/span>\n\t\t\t<\/label>\n\n\t\t\t<\/div>\t\t\t<div id=\"noptin-form-2__submit--wrapper\" class=\"noptin-form-field-wrapper noptin-form-field-submit\" >\n\t\t\n\t\t\t<button type=\"submit\" id=\"noptin-form-2__submit\" class=\"noptin-form-submit btn button btn-primary button-primary wp-element-button\" name=\"noptin-submit\" >S&#039;abonner<\/button>\n\n\t\t<\/div><\/div><input type=\"hidden\" name=\"noptin_nonce\" value=\"f7cf0873a3\" \/><input type=\"hidden\" name=\"conversion_page\" value=\"https:\/\/ch.nassanicosmetics.com\/en\/wp-json\/wp\/v2\/pages\/226\/\" \/><input type=\"hidden\" name=\"action\" value=\"noptin_process_ajax_subscriber\" \/><input type=\"hidden\" name=\"noptin_process_request\" value=\"1\" \/><input type=\"hidden\" name=\"noptin_timestamp\" value=\"1776204407\" \/><input type=\"hidden\" name=\"noptin_element_id\" value=\"2\" \/><input type=\"hidden\" name=\"noptin_unique_id\" value=\"noptin_frm_4ca4daec5f90a6d27fc509c2ca8e2d47\" \/><input type=\"hidden\" name=\"source\" value=\"4207\" \/><input type=\"hidden\" name=\"form_action\" value=\"subscribe\" \/>\t\t\t<label style=\"display: none !important;\">Leave this field empty if you're not a robot: <input type=\"text\" name=\"noptin_ign\" value=\"\" tabindex=\"-1\" autocomplete=\"off\" \/><\/label>\n\t\t<font color=\"white\">Newsletter seulement envoy\u00e9e chaque trimestre. Vous ne serez jamais importun\u00e9\/e avec du spam de notre part. Et votre email ne sera jamais vendu ni partag\u00e9 avec qui que ce soit. <\/font><div class=\"noptin-form-notice noptin-response\" role=\"alert\"><\/div><div class=\"noptin-loader\"><span><\/span><\/div><\/form><!-- \/ Noptin Newsletter Plugin -->Coordonn\u00e9esChemin de Compostelle 121212 Lancy, Gen\u00e8ve, <span \n                data-original-string='87vvConceqg+H9uinZWAUg==82bG7gfGi1bgO4f65TMmdIsvShxMLtGvzRllujOarEyyMo='\n                class='apbct-email-encoder'\n                title='This contact has been encoded by Anti-Spam by CleanTalk. Click to decode. To finish the decoding make sure that JavaScript is enabled in your browser.'>Su<span class=\"apbct-blur\">*********<\/span>@<span class=\"apbct-blur\">*****<\/span>ni.ch<\/span>+41 (0)79 356 27 34 <span \n                data-original-string='1KRXKeIHof5Q9fSeYwHh3w==82blh66LZZ4hYX4+j4XMQeTAtAPLsWpwVV0yO4aqHRQJAw='\n                class='apbct-email-encoder'\n                title='This contact has been encoded by Anti-Spam by CleanTalk. Click to decode. To finish the decoding make sure that JavaScript is enabled in your browser.'>in<span class=\"apbct-blur\">**<\/span>@<span class=\"apbct-blur\">*****<\/span>ni.chSous<\/span> rendez-vous\u00a0uniquement.<\/p>\n","protected":false},"author":1,"featured_media":0,"parent":0,"menu_order":0,"comment_status":"closed","ping_status":"closed","template":"","meta":{"_et_pb_use_builder":"on","_et_pb_old_content":"","_et_gb_content_width":""},"_links":{"self":[{"href":"https:\/\/ch.nassanicosmetics.com\/en\/wp-json\/wp\/v2\/pages\/226"}],"collection":[{"href":"https:\/\/ch.nassanicosmetics.com\/en\/wp-json\/wp\/v2\/pages"}],"about":[{"href":"https:\/\/ch.nassanicosmetics.com\/en\/wp-json\/wp\/v2\/types\/page"}],"author":[{"embeddable":true,"href":"https:\/\/ch.nassanicosmetics.com\/en\/wp-json\/wp\/v2\/users\/1"}],"replies":[{"embeddable":true,"href":"https:\/\/ch.nassanicosmetics.com\/en\/wp-json\/wp\/v2\/comments?post=226"}],"version-history":[{"count":19,"href":"https:\/\/ch.nassanicosmetics.com\/en\/wp-json\/wp\/v2\/pages\/226\/revisions"}],"predecessor-version":[{"id":4682,"href":"https:\/\/ch.nassanicosmetics.com\/en\/wp-json\/wp\/v2\/pages\/226\/revisions\/4682"}],"wp:attachment":[{"href":"https:\/\/ch.nassanicosmetics.com\/en\/wp-json\/wp\/v2\/media?parent=226"}],"curies":[{"name":"wp","href":"https:\/\/api.w.org\/{rel}","templated":true}]}}