{"id":104,"date":"2019-08-10T23:00:59","date_gmt":"2019-08-10T21:00:59","guid":{"rendered":"https:\/\/ch.nassanicosmetics.com\/produit\/jasmine-conditioner-ultra-premium\/"},"modified":"2025-01-22T17:34:20","modified_gmt":"2025-01-22T16:34:20","slug":"revitalisant-naturel-jasmin-resveratrol","status":"publish","type":"product","link":"https:\/\/ch.nassanicosmetics.com\/en\/product\/natural-conditioner-jasmine-resveratrol\/","title":{"rendered":"Conditioner Jasmine Ultra Premium with Resveratrol"},"content":{"rendered":"<p>[et_pb_section fb_built=&#8221;1&#8243; custom_padding_last_edited=&#8221;on|phone&#8221; admin_label=&#8221;Promo Banner&#8221; _builder_version=&#8221;4.7.4&#8243; background_color=&#8221;#183ca5&#8243; width_tablet=&#8221;&#8221; width_phone=&#8221;126%&#8221; width_last_edited=&#8221;on|phone&#8221; max_width_tablet=&#8221;&#8221; max_width_phone=&#8221;126%&#8221; max_width_last_edited=&#8221;on|phone&#8221; custom_margin_tablet=&#8221;&#8221; custom_margin_phone=&#8221;-35px|-33px||-33px|false|false&#8221; custom_margin_last_edited=&#8221;on|phone&#8221; custom_padding=&#8221;0px|0px|0px|0px&#8221; custom_padding_tablet=&#8221;&#8221; custom_padding_phone=&#8221;10px||||false|false&#8221; global_module=&#8221;3052&#8243; locked=&#8221;off&#8221;][et_pb_row column_structure=&#8221;1_2,1_2&#8243; _builder_version=&#8221;4.7.4&#8243; width=&#8221;90%&#8221; width_tablet=&#8221;&#8221; width_phone=&#8221;&#8221; width_last_edited=&#8221;on|desktop&#8221; max_width_tablet=&#8221;&#8221; max_width_phone=&#8221;&#8221; max_width_last_edited=&#8221;on|desktop&#8221;][et_pb_column type=&#8221;1_2&#8243; _builder_version=&#8221;3.25&#8243; custom_padding=&#8221;|||&#8221; custom_padding__hover=&#8221;|||&#8221;][et_pb_text _builder_version=&#8221;4.7.4&#8243; _module_preset=&#8221;default&#8221;]<\/p>\n<h5 style=\"text-align: center;\"><span style=\"color: #ffffff;\">Frais d\u2019envoi gratuits en Suisse et toute l\u2019Europe<\/span>\u00a0<img decoding=\"async\" loading=\"lazy\" src=\"https:\/\/ch.nassanicosmetics.com\/wp-content\/uploads\/sites\/3\/2019\/12\/09288f42-e3db-4abf-bec4-59784a845559-4127-000002679aa5075a-300x300.png\" width=\"27\" height=\"27\" alt=\"\" class=\"wp-image-839 alignnone size-medium\" \/>\u00a0\u00a0<img decoding=\"async\" loading=\"lazy\" src=\"https:\/\/ch.nassanicosmetics.com\/wp-content\/uploads\/sites\/3\/2020\/07\/cfaea417-220e-48aa-86bd-aa2f13363a37-235-0000005846f16fea-300x169.jpg\" width=\"51\" height=\"29\" alt=\"Cosm\u00e9tiques naturels Livraison gratuite Europe\" class=\"wp-image-1963 alignnone size-medium\" \/><\/h5>\n<p>[\/et_pb_text][\/et_pb_column][et_pb_column type=&#8221;1_2&#8243; _builder_version=&#8221;3.25&#8243; custom_padding=&#8221;|||&#8221; custom_padding__hover=&#8221;|||&#8221;][et_pb_text _builder_version=&#8221;4.7.7&#8243; _module_preset=&#8221;default&#8221; header_2_text_color=&#8221;#7cda24&#8243;]<\/p>\n<h2 style=\"text-align: center;\"><strong>CODE -15% : 015<\/strong><\/h2>\n<p>[\/et_pb_text][\/et_pb_column][\/et_pb_row][\/et_pb_section][et_pb_section fb_built=&#8221;1&#8243; _builder_version=&#8221;3.22&#8243; custom_padding=&#8221;0px||||false|false&#8221;][et_pb_row _builder_version=&#8221;3.25&#8243; background_size=&#8221;initial&#8221; background_position=&#8221;top_left&#8221; background_repeat=&#8221;repeat&#8221; width=&#8221;100%&#8221; custom_padding=&#8221;0px||0px||false|false&#8221;][et_pb_column type=&#8221;4_4&#8243; _builder_version=&#8221;3.25&#8243; custom_padding=&#8221;|||&#8221; custom_padding__hover=&#8221;|||&#8221;][et_pb_wc_breadcrumb _builder_version=&#8221;3.0.47&#8243;][\/et_pb_wc_breadcrumb][et_pb_wc_cart_notice _builder_version=&#8221;3.0.47&#8243;][\/et_pb_wc_cart_notice][\/et_pb_column][\/et_pb_row][et_pb_row column_structure=&#8221;1_2,1_2&#8243; _builder_version=&#8221;3.25&#8243; background_size=&#8221;initial&#8221; background_position=&#8221;top_left&#8221; background_repeat=&#8221;repeat&#8221; width=&#8221;100%&#8221; custom_padding=&#8221;0px||||false|false&#8221;][et_pb_column type=&#8221;1_2&#8243; _builder_version=&#8221;3.25&#8243; custom_padding=&#8221;|||&#8221; custom_padding__hover=&#8221;|||&#8221;][et_pb_wc_images _builder_version=&#8221;3.0.47&#8243;][\/et_pb_wc_images][\/et_pb_column][et_pb_column type=&#8221;1_2&#8243; _builder_version=&#8221;3.25&#8243; custom_padding=&#8221;|||&#8221; custom_padding__hover=&#8221;|||&#8221;][et_pb_wc_title _builder_version=&#8221;3.0.47&#8243;][\/et_pb_wc_title][et_pb_text _builder_version=&#8221;4.7.7&#8243; _module_preset=&#8221;default&#8221; text_font=&#8221;|600|||||||&#8221; text_text_color=&#8221;#ffffff&#8221; text_font_size=&#8221;18px&#8221; background_color=&#8221;#e02b20&#8243; custom_padding=&#8221;10px||10px||false|false&#8221; global_module=&#8221;3214&#8243; locked=&#8221;off&#8221;]<\/p>\n<p style=\"text-align: center;\">Resv\u00e9ratrol produit en Suisse<\/p>\n<p>[\/et_pb_text][et_pb_wc_rating _builder_version=&#8221;3.0.47&#8243;][\/et_pb_wc_rating][et_pb_wc_price _builder_version=&#8221;3.0.47&#8243;][\/et_pb_wc_price][et_pb_wc_description _builder_version=&#8221;3.0.47&#8243;][\/et_pb_wc_description][et_pb_wc_add_to_cart _builder_version=&#8221;3.0.47&#8243;][\/et_pb_wc_add_to_cart][et_pb_wc_meta _builder_version=&#8221;3.0.47&#8243;][\/et_pb_wc_meta][\/et_pb_column][\/et_pb_row][et_pb_row _builder_version=&#8221;3.25&#8243; background_size=&#8221;initial&#8221; background_position=&#8221;top_left&#8221; background_repeat=&#8221;repeat&#8221; width=&#8221;100%&#8221;][et_pb_column type=&#8221;4_4&#8243; _builder_version=&#8221;3.25&#8243; custom_padding=&#8221;|||&#8221; custom_padding__hover=&#8221;|||&#8221;][et_pb_wc_tabs _builder_version=&#8221;3.0.47&#8243;]\t\t\t\t\t[\/et_pb_wc_tabs][et_pb_wc_upsells _builder_version=&#8221;3.0.47&#8243;][\/et_pb_wc_upsells][et_pb_wc_related_products _builder_version=&#8221;3.0.47&#8243;][\/et_pb_wc_related_products][\/et_pb_column][\/et_pb_row][\/et_pb_section]<\/p>\n","protected":false},"excerpt":{"rendered":"<p class=\"p1 translation-block\">Nassani Ultra Premium Jasmin Conditioner is a high quality conditioner that moisturizes dry scalp, prevents hair loss and gives shiny, smooth, silky hair. It is formulated with natural resveratrol, organic oils and plant extracts, without SLS, with a gentle pH adjusted and ideal for all hair types, for her and him. Volume: 230 ml.<\/p>","protected":false},"featured_media":700,"comment_status":"open","ping_status":"closed","template":"","meta":{"_et_pb_use_builder":"on","_et_pb_old_content":"<p class=\"p1\"><span class=\"s1\">Ce revitalisant hydratant contient du resveratrol naturel, des huiles essentielles et des extraits botaniques avec des ingr\u00e9dients doux. Ces huiles et extraits organiques naturels sont une source pr\u00e9cieuse de <b>min\u00e9raux<\/b> et <b>vitamines A, B, D <\/b>et<b> E<\/b>. L'huile organique de <i>Noix de Coco<\/i> r\u00e9duit la perte de prot\u00e9ines et cr\u00e9e une barri\u00e8re protectrice sur les cheveux laissant une texture satin\u00e9e. L'huile organique de <i>Jojoba<\/i>, gr\u00e2ce \u00e0 ses propri\u00e9t\u00e9s antifongique et anti-inflammatoire, maintient la chevelure propre et en bonne sant\u00e9. Son effet <b>k\u00e9ratoplastique<\/b> rend les cheveux brillants et met en valeur sa couleur naturelle. L\u2019huile de <i>Jojoba<\/i> lisse les cuticules des cheveux et r\u00e9pare les cheveux secs, cr\u00e9pus et ternes. L\u2019extrait organique de <i>jasmin<\/i> contient des propri\u00e9t\u00e9s <b>hydratantes<\/b> pour pr\u00e9venir la d\u00e9t\u00e9rioration des cheveux. Il maintient \u00e9galement l\u2019hydratation naturelle du <b>cuir chevelu<\/b>. Ses propri\u00e9t\u00e9s th\u00e9rapeutiques naturelles \u00e9liminent les pellicules. L'huile Organique de <i>Tournesol<\/i> est une source importante d'<i>Acide Gamma Alpha Linol\u00e9nique<\/i> (GLA) qui aide \u00e0 pr\u00e9venir la perte de cheveux.<\/span><\/p>","_et_gb_content_width":""},"product_cat":[18],"product_tag":[],"_links":{"self":[{"href":"https:\/\/ch.nassanicosmetics.com\/en\/wp-json\/wp\/v2\/product\/104"}],"collection":[{"href":"https:\/\/ch.nassanicosmetics.com\/en\/wp-json\/wp\/v2\/product"}],"about":[{"href":"https:\/\/ch.nassanicosmetics.com\/en\/wp-json\/wp\/v2\/types\/product"}],"replies":[{"embeddable":true,"href":"https:\/\/ch.nassanicosmetics.com\/en\/wp-json\/wp\/v2\/comments?post=104"}],"wp:featuredmedia":[{"embeddable":true,"href":"https:\/\/ch.nassanicosmetics.com\/en\/wp-json\/wp\/v2\/media\/700"}],"wp:attachment":[{"href":"https:\/\/ch.nassanicosmetics.com\/en\/wp-json\/wp\/v2\/media?parent=104"}],"wp:term":[{"taxonomy":"product_cat","embeddable":true,"href":"https:\/\/ch.nassanicosmetics.com\/en\/wp-json\/wp\/v2\/product_cat?post=104"},{"taxonomy":"product_tag","embeddable":true,"href":"https:\/\/ch.nassanicosmetics.com\/en\/wp-json\/wp\/v2\/product_tag?post=104"}],"curies":[{"name":"wp","href":"https:\/\/api.w.org\/{rel}","templated":true}]}}