{"id":1052,"date":"2020-03-31T17:22:20","date_gmt":"2020-03-31T15:22:20","guid":{"rendered":"https:\/\/ch.nassanicosmetics.com\/?post_type=product&#038;p=1052"},"modified":"2025-01-23T14:23:01","modified_gmt":"2025-01-23T13:23:01","slug":"brume-visage-rose-gel-anti-rides","status":"publish","type":"product","link":"https:\/\/ch.nassanicosmetics.com\/en\/product\/face-mist-rose-water-gel-anti-wrinkles\/","title":{"rendered":"Pack Face Mist Rose Water + Gel anti wrinkles"},"content":{"rendered":"<p>[et_pb_section fb_built=&#8221;1&#8243; _builder_version=&#8221;3.22&#8243; custom_padding=&#8221;0px||||false|false&#8221;][et_pb_row _builder_version=&#8221;3.25&#8243; background_size=&#8221;initial&#8221; background_position=&#8221;top_left&#8221; background_repeat=&#8221;repeat&#8221; width=&#8221;100%&#8221; custom_padding=&#8221;0px||0px||false|false&#8221;][et_pb_column type=&#8221;4_4&#8243; _builder_version=&#8221;3.25&#8243; custom_padding=&#8221;|||&#8221; custom_padding__hover=&#8221;|||&#8221;][et_pb_wc_breadcrumb _builder_version=&#8221;3.0.47&#8243;][\/et_pb_wc_breadcrumb][et_pb_wc_cart_notice _builder_version=&#8221;3.0.47&#8243;][\/et_pb_wc_cart_notice][\/et_pb_column][\/et_pb_row][et_pb_row column_structure=&#8221;1_2,1_2&#8243; _builder_version=&#8221;3.25&#8243; background_size=&#8221;initial&#8221; background_position=&#8221;top_left&#8221; background_repeat=&#8221;repeat&#8221; width=&#8221;100%&#8221; custom_padding=&#8221;0px||||false|false&#8221;][et_pb_column type=&#8221;1_2&#8243; _builder_version=&#8221;3.25&#8243; custom_padding=&#8221;|||&#8221; custom_padding__hover=&#8221;|||&#8221;][et_pb_wc_images _builder_version=&#8221;3.0.47&#8243;][\/et_pb_wc_images][\/et_pb_column][et_pb_column type=&#8221;1_2&#8243; _builder_version=&#8221;3.25&#8243; custom_padding=&#8221;|||&#8221; custom_padding__hover=&#8221;|||&#8221;][et_pb_wc_title _builder_version=&#8221;3.0.47&#8243;][\/et_pb_wc_title][et_pb_wc_rating _builder_version=&#8221;3.0.47&#8243;][\/et_pb_wc_rating][et_pb_wc_price _builder_version=&#8221;3.0.47&#8243;][\/et_pb_wc_price][et_pb_wc_description _builder_version=&#8221;3.0.47&#8243;][\/et_pb_wc_description][et_pb_wc_add_to_cart _builder_version=&#8221;3.0.47&#8243;][\/et_pb_wc_add_to_cart][et_pb_wc_meta _builder_version=&#8221;3.0.47&#8243;][\/et_pb_wc_meta][\/et_pb_column][\/et_pb_row][et_pb_row _builder_version=&#8221;4.4.2&#8243;][et_pb_column type=&#8221;4_4&#8243; _builder_version=&#8221;4.4.2&#8243;][et_pb_video_slider _builder_version=&#8221;4.4.2&#8243;][et_pb_video_slider_item src=&#8221;https:\/\/www.youtube.com\/watch?v=8oGhVz4c8cg&#8221; _builder_version=&#8221;4.4.2&#8243; show_image_overlay=&#8221;off&#8221;][\/et_pb_video_slider_item][et_pb_video_slider_item src=&#8221;https:\/\/www.youtube.com\/watch?v=H39i6OznPTI&#8221; _builder_version=&#8221;4.4.2&#8243; show_image_overlay=&#8221;off&#8221;][\/et_pb_video_slider_item][\/et_pb_video_slider][\/et_pb_column][\/et_pb_row][et_pb_row _builder_version=&#8221;3.25&#8243; background_size=&#8221;initial&#8221; background_position=&#8221;top_left&#8221; background_repeat=&#8221;repeat&#8221; width=&#8221;100%&#8221;][et_pb_column type=&#8221;4_4&#8243; _builder_version=&#8221;3.25&#8243; custom_padding=&#8221;|||&#8221; custom_padding__hover=&#8221;|||&#8221;][et_pb_wc_tabs _builder_version=&#8221;3.0.47&#8243;]\t\t\t\t\t[\/et_pb_wc_tabs][et_pb_wc_upsells _builder_version=&#8221;3.0.47&#8243;][\/et_pb_wc_upsells][et_pb_wc_related_products _builder_version=&#8221;3.0.47&#8243;][\/et_pb_wc_related_products][\/et_pb_column][\/et_pb_row][\/et_pb_section]<\/p>\n","protected":false},"excerpt":{"rendered":"<p class=\"translation-block\"><strong>PACK OFFER :<\/strong> <strong><span style=\"font-size: 16px\">Face Mist Rose Water + Gel anti-wrinkles<\/span><\/strong><\/p>\n<p class=\"translation-block\">For a beautiful and younger-looking complexion.\nThis Rose Water Face Mist has an instant hydrating effect and nourishes your skin. Organic Rosa Damascena hydrates deeply while Vitamin C provides nutrients that reduce redness and puffiness. Natural Resveratrol stimulates collagen, prevents hyperpigmentation and helps the elasticity of the skin to reduce the appearance of fine lines. THE HYDRATING AND NOURISHING ROSE WATER MIST of NASSANI, gives the skin a more beautiful appearance and youthful feeling with each use.<\/p>\n<p class=\"translation-block\"><b>NASSANI Anti-Wrinkle Moisturizer Eye Gel <\/b>is a slightly pearly gel in a luxuriously vanishing texture, presented in a new technology applicator, created for the fine, fragile eye contour area. The Resveratrol formula with its exceptional lifting power targets the sagging of eyelids and the signs of fatigue. Wrinkles, puffiness and dark circles disappear instantly, leaving a brighter, smoother skin, giving you a younger look than ever. The formula contains only natural active ingredients for a real lifting effect of the upper eyelid.<\/p>\n<p><span class=\"s1\"><span style=\"color: red;\">NOTE: The code discount is not valid for this product because it is already discounted.\u00a0<\/span><\/span><\/p>","protected":false},"featured_media":1051,"comment_status":"open","ping_status":"closed","template":"","meta":{"_et_pb_use_builder":"on","_et_pb_old_content":"<ul>\r\n \t<li>Approuv\u00e9 dermatologiquement<\/li>\r\n \t<li>Nonirritant<\/li>\r\n \t<li><span class=\"s1\">Formul\u00e9 avec Bio-Resv\u00e9ratrol.<\/span><\/li>\r\n \t<li>Hypoallerg\u00e9nique<\/li>\r\n \t<li>Hydrate et nourrit la peau en profondeur<\/li>\r\n \t<li>Pr\u00e9vient l'hyperpigmentation et r\u00e9duit les rougeurs<\/li>\r\n \t<li>Stimule le collag\u00e8ne, et aide l'\u00e9lasticit\u00e9 de la peau pour r\u00e9duire l'apparence des rides.<\/li>\r\n \t<li><span class=\"s1\">Fournit un effet lifting exceptionnel pour le contour des yeux fragile.<\/span><\/li>\r\n \t<li><span class=\"s1\">\u00c9limine instantan\u00e9ment les signes de fatigue, les rides, les poches et les cernes.<\/span><\/li>\r\n \t<li>Donne \u00e0 la peau une apparence et une sensation de jeunesse plus belle \u00e0 chaque utilisation.<\/li>\r\n \t<li>Non test\u00e9 sur les animaux<\/li>\r\n \t<li>Convient aux peaux sensibles<\/li>\r\n \t<li><span class=\"s1\">Sans parabens ajout\u00e9s, sans formald\u00e9hyde, dioxane, sulfates, phtalates et huile min\u00e9rale.<\/span><\/li>\r\n<\/ul>","_et_gb_content_width":""},"product_cat":[17],"product_tag":[],"_links":{"self":[{"href":"https:\/\/ch.nassanicosmetics.com\/en\/wp-json\/wp\/v2\/product\/1052"}],"collection":[{"href":"https:\/\/ch.nassanicosmetics.com\/en\/wp-json\/wp\/v2\/product"}],"about":[{"href":"https:\/\/ch.nassanicosmetics.com\/en\/wp-json\/wp\/v2\/types\/product"}],"replies":[{"embeddable":true,"href":"https:\/\/ch.nassanicosmetics.com\/en\/wp-json\/wp\/v2\/comments?post=1052"}],"wp:featuredmedia":[{"embeddable":true,"href":"https:\/\/ch.nassanicosmetics.com\/en\/wp-json\/wp\/v2\/media\/1051"}],"wp:attachment":[{"href":"https:\/\/ch.nassanicosmetics.com\/en\/wp-json\/wp\/v2\/media?parent=1052"}],"wp:term":[{"taxonomy":"product_cat","embeddable":true,"href":"https:\/\/ch.nassanicosmetics.com\/en\/wp-json\/wp\/v2\/product_cat?post=1052"},{"taxonomy":"product_tag","embeddable":true,"href":"https:\/\/ch.nassanicosmetics.com\/en\/wp-json\/wp\/v2\/product_tag?post=1052"}],"curies":[{"name":"wp","href":"https:\/\/api.w.org\/{rel}","templated":true}]}}