{"id":2435,"date":"2020-11-23T18:56:54","date_gmt":"2020-11-23T17:56:54","guid":{"rendered":"https:\/\/ch.nassanicosmetics.com\/?post_type=product&#038;p=2435"},"modified":"2021-04-05T19:10:34","modified_gmt":"2021-04-05T17:10:34","slug":"nettoyant-visage-avec-bio-resveratrol","status":"publish","type":"product","link":"https:\/\/ch.nassanicosmetics.com\/en\/product\/face-cleanser-with-bio-resveratrol\/","title":{"rendered":"Face Cleanser with Bio-Resveratrol"},"content":{"rendered":"<p>[et_pb_section fb_built=&#8221;1&#8243; custom_padding_last_edited=&#8221;on|phone&#8221; admin_label=&#8221;Promo Banner&#8221; _builder_version=&#8221;4.7.4&#8243; background_color=&#8221;#183ca5&#8243; width_tablet=&#8221;&#8221; width_phone=&#8221;126%&#8221; width_last_edited=&#8221;on|phone&#8221; max_width_tablet=&#8221;&#8221; max_width_phone=&#8221;126%&#8221; max_width_last_edited=&#8221;on|phone&#8221; custom_margin_tablet=&#8221;&#8221; custom_margin_phone=&#8221;-35px|-33px||-33px|false|false&#8221; custom_margin_last_edited=&#8221;on|phone&#8221; custom_padding=&#8221;0px|0px|0px|0px&#8221; custom_padding_tablet=&#8221;&#8221; custom_padding_phone=&#8221;10px||||false|false&#8221; global_module=&#8221;3052&#8243; locked=&#8221;off&#8221;][et_pb_row column_structure=&#8221;1_2,1_2&#8243; _builder_version=&#8221;4.7.4&#8243; width=&#8221;90%&#8221; width_tablet=&#8221;&#8221; width_phone=&#8221;&#8221; width_last_edited=&#8221;on|desktop&#8221; max_width_tablet=&#8221;&#8221; max_width_phone=&#8221;&#8221; max_width_last_edited=&#8221;on|desktop&#8221;][et_pb_column type=&#8221;1_2&#8243; _builder_version=&#8221;3.25&#8243; custom_padding=&#8221;|||&#8221; custom_padding__hover=&#8221;|||&#8221;][et_pb_text _builder_version=&#8221;4.7.4&#8243; _module_preset=&#8221;default&#8221;]<\/p>\n<h5 style=\"text-align: center;\"><span style=\"color: #ffffff;\">Frais d\u2019envoi gratuits en Suisse et toute l\u2019Europe<\/span>\u00a0<img decoding=\"async\" loading=\"lazy\" src=\"https:\/\/ch.nassanicosmetics.com\/wp-content\/uploads\/sites\/3\/2019\/12\/09288f42-e3db-4abf-bec4-59784a845559-4127-000002679aa5075a-300x300.png\" width=\"27\" height=\"27\" alt=\"\" class=\"wp-image-839 alignnone size-medium\" \/>\u00a0\u00a0<img decoding=\"async\" loading=\"lazy\" src=\"https:\/\/ch.nassanicosmetics.com\/wp-content\/uploads\/sites\/3\/2020\/07\/cfaea417-220e-48aa-86bd-aa2f13363a37-235-0000005846f16fea-300x169.jpg\" width=\"51\" height=\"29\" alt=\"Cosm\u00e9tiques naturels Livraison gratuite Europe\" class=\"wp-image-1963 alignnone size-medium\" \/><\/h5>\n<p>[\/et_pb_text][\/et_pb_column][et_pb_column type=&#8221;1_2&#8243; _builder_version=&#8221;3.25&#8243; custom_padding=&#8221;|||&#8221; custom_padding__hover=&#8221;|||&#8221;][et_pb_text _builder_version=&#8221;4.7.7&#8243; _module_preset=&#8221;default&#8221; header_2_text_color=&#8221;#7cda24&#8243;]<\/p>\n<h2 style=\"text-align: center;\"><strong>CODE -15% : 015<\/strong><\/h2>\n<p>[\/et_pb_text][\/et_pb_column][\/et_pb_row][\/et_pb_section][et_pb_section fb_built=&#8221;1&#8243; _builder_version=&#8221;3.22&#8243; custom_padding=&#8221;0px||||false|false&#8221;][et_pb_row _builder_version=&#8221;3.25&#8243; background_size=&#8221;initial&#8221; background_position=&#8221;top_left&#8221; background_repeat=&#8221;repeat&#8221; width=&#8221;100%&#8221; custom_padding=&#8221;0px||0px||false|false&#8221;][et_pb_column type=&#8221;4_4&#8243; _builder_version=&#8221;3.25&#8243; custom_padding=&#8221;|||&#8221; custom_padding__hover=&#8221;|||&#8221;][et_pb_wc_breadcrumb _builder_version=&#8221;3.0.47&#8243;][\/et_pb_wc_breadcrumb][et_pb_wc_cart_notice _builder_version=&#8221;3.0.47&#8243;][\/et_pb_wc_cart_notice][\/et_pb_column][\/et_pb_row][et_pb_row column_structure=&#8221;1_2,1_2&#8243; _builder_version=&#8221;3.25&#8243; background_size=&#8221;initial&#8221; background_position=&#8221;top_left&#8221; background_repeat=&#8221;repeat&#8221; width=&#8221;100%&#8221; custom_padding=&#8221;0px||||false|false&#8221;][et_pb_column type=&#8221;1_2&#8243; _builder_version=&#8221;3.25&#8243; custom_padding=&#8221;|||&#8221; custom_padding__hover=&#8221;|||&#8221;][et_pb_wc_images _builder_version=&#8221;3.0.47&#8243;][\/et_pb_wc_images][\/et_pb_column][et_pb_column type=&#8221;1_2&#8243; _builder_version=&#8221;3.25&#8243; custom_padding=&#8221;|||&#8221; custom_padding__hover=&#8221;|||&#8221;][et_pb_wc_title _builder_version=&#8221;3.0.47&#8243;][\/et_pb_wc_title][et_pb_text _builder_version=&#8221;4.7.7&#8243; _module_preset=&#8221;default&#8221; text_font=&#8221;|600|||||||&#8221; text_text_color=&#8221;#ffffff&#8221; text_font_size=&#8221;18px&#8221; background_color=&#8221;#e02b20&#8243; custom_padding=&#8221;10px||10px||false|false&#8221; global_module=&#8221;3214&#8243; locked=&#8221;off&#8221;]<\/p>\n<p style=\"text-align: center;\">Resv\u00e9ratrol produit en Suisse<\/p>\n<p>[\/et_pb_text][et_pb_wc_rating _builder_version=&#8221;3.0.47&#8243;][\/et_pb_wc_rating][et_pb_wc_price _builder_version=&#8221;3.0.47&#8243;][\/et_pb_wc_price][et_pb_wc_description _builder_version=&#8221;3.0.47&#8243;][\/et_pb_wc_description][et_pb_wc_add_to_cart _builder_version=&#8221;3.0.47&#8243;][\/et_pb_wc_add_to_cart][et_pb_wc_meta _builder_version=&#8221;3.0.47&#8243;][\/et_pb_wc_meta][et_pb_video_slider _builder_version=&#8221;4.7.3&#8243; _module_preset=&#8221;default&#8221; transform_scale_tablet=&#8221;&#8221; transform_scale_phone=&#8221;122%|122%&#8221; transform_scale_last_edited=&#8221;on|phone&#8221; transform_translate_tablet=&#8221;&#8221; transform_translate_phone=&#8221;&#8221; transform_translate_last_edited=&#8221;on|phone&#8221; transform_rotate_tablet=&#8221;&#8221; transform_rotate_phone=&#8221;&#8221; transform_rotate_last_edited=&#8221;on|phone&#8221; transform_skew_tablet=&#8221;&#8221; transform_skew_phone=&#8221;&#8221; transform_skew_last_edited=&#8221;on|phone&#8221; transform_origin_tablet=&#8221;&#8221; transform_origin_phone=&#8221;&#8221; transform_origin_last_edited=&#8221;on|phone&#8221; transform_styles_last_edited=&#8221;on|phone&#8221; width_tablet=&#8221;&#8221; width_phone=&#8221;&#8221; width_last_edited=&#8221;on|phone&#8221; max_width_tablet=&#8221;&#8221; max_width_phone=&#8221;&#8221; max_width_last_edited=&#8221;on|phone&#8221; module_alignment=&#8221;center&#8221; custom_margin_tablet=&#8221;&#8221; custom_margin_phone=&#8221;||||false|false&#8221; custom_margin_last_edited=&#8221;on|phone&#8221; custom_padding_tablet=&#8221;&#8221; custom_padding_phone=&#8221;||||false|false&#8221; custom_padding_last_edited=&#8221;on|phone&#8221; transform_styles_tablet=&#8221;&#8221; transform_styles_phone=&#8221;&#8221;][et_pb_video_slider_item src=&#8221;https:\/\/youtu.be\/i2klOQeAtwE&#8221; image_src=&#8221;\/\/i.ytimg.com\/vi\/i2klOQeAtwE\/hqdefault.jpg&#8221; play_icon_color=&#8221;#ffffff&#8221; _builder_version=&#8221;4.7.3&#8243; _module_preset=&#8221;default&#8221; show_image_overlay=&#8221;off&#8221;][\/et_pb_video_slider_item][et_pb_video_slider_item src=&#8221;https:\/\/youtu.be\/qzswfy9HKC4&#8243; image_src=&#8221;\/\/i.ytimg.com\/vi\/qzswfy9HKC4\/hqdefault.jpg&#8221; _builder_version=&#8221;4.7.3&#8243; _module_preset=&#8221;default&#8221; show_image_overlay=&#8221;off&#8221;][\/et_pb_video_slider_item][\/et_pb_video_slider][\/et_pb_column][\/et_pb_row][et_pb_row _builder_version=&#8221;3.25&#8243; background_size=&#8221;initial&#8221; background_position=&#8221;top_left&#8221; background_repeat=&#8221;repeat&#8221; width=&#8221;100%&#8221;][et_pb_column type=&#8221;4_4&#8243; _builder_version=&#8221;3.25&#8243; custom_padding=&#8221;|||&#8221; custom_padding__hover=&#8221;|||&#8221;][et_pb_wc_tabs _builder_version=&#8221;3.0.47&#8243;]\t\t\t\t\t[\/et_pb_wc_tabs][et_pb_wc_upsells _builder_version=&#8221;3.0.47&#8243;][\/et_pb_wc_upsells][et_pb_wc_related_products _builder_version=&#8221;3.0.47&#8243;][\/et_pb_wc_related_products][\/et_pb_column][\/et_pb_row][\/et_pb_section]<\/p>\n","protected":false},"excerpt":{"rendered":"<p>Soothing cleanser for all skin types.<br \/>\nFace cleanser bio for your best face cleansing routine.<br \/>\nThis natural facial cleanser contains bio-resveratrol, the best natural ingredient today to renew your cells, your skin, your face.<br \/>\nEliminates impurities.<br \/>\nRemoves makeup.<\/p>","protected":false},"featured_media":2434,"comment_status":"open","ping_status":"closed","template":"","meta":{"_et_pb_use_builder":"on","_et_pb_old_content":"<span style=\"color: #000000;font-family: arial, sans-serif\">Adoucit la peau en \u00e9liminant le maquillage, le s\u00e9bum et les impuret\u00e9s. Apaise les peaux\u00a0s\u00e8ches et sensibles. Stabilise les peaux normales et nettoie parfaitement les peaux grasses.<\/span>\r\n<div><span style=\"color: #000000;font-family: arial, sans-serif\">- Puissant agent humectant obtenu \u00e0 partir de sources v\u00e9g\u00e9tales.<\/span><\/div>\r\n<div><span style=\"color: #000000;font-family: arial, sans-serif\">- Fort pouvoir hydratant gr\u00e2ce \u00e0 sa haute capacit\u00e9 d'absorption d\u2019eau.\u00a0<\/span><\/div>\r\n<div><span style=\"color: #000000;font-family: arial, sans-serif\">- Tonifie et nettoie la peau en profondeur.<\/span><\/div>\r\n<div><span style=\"color: #000000;font-family: arial, sans-serif\">- Pr\u00e9vient le vieillissement pr\u00e9matur\u00e9.<\/span><\/div>","_et_gb_content_width":""},"product_cat":[17],"product_tag":[],"_links":{"self":[{"href":"https:\/\/ch.nassanicosmetics.com\/en\/wp-json\/wp\/v2\/product\/2435"}],"collection":[{"href":"https:\/\/ch.nassanicosmetics.com\/en\/wp-json\/wp\/v2\/product"}],"about":[{"href":"https:\/\/ch.nassanicosmetics.com\/en\/wp-json\/wp\/v2\/types\/product"}],"replies":[{"embeddable":true,"href":"https:\/\/ch.nassanicosmetics.com\/en\/wp-json\/wp\/v2\/comments?post=2435"}],"wp:featuredmedia":[{"embeddable":true,"href":"https:\/\/ch.nassanicosmetics.com\/en\/wp-json\/wp\/v2\/media\/2434"}],"wp:attachment":[{"href":"https:\/\/ch.nassanicosmetics.com\/en\/wp-json\/wp\/v2\/media?parent=2435"}],"wp:term":[{"taxonomy":"product_cat","embeddable":true,"href":"https:\/\/ch.nassanicosmetics.com\/en\/wp-json\/wp\/v2\/product_cat?post=2435"},{"taxonomy":"product_tag","embeddable":true,"href":"https:\/\/ch.nassanicosmetics.com\/en\/wp-json\/wp\/v2\/product_tag?post=2435"}],"curies":[{"name":"wp","href":"https:\/\/api.w.org\/{rel}","templated":true}]}}