{"id":514,"date":"2019-10-07T23:04:14","date_gmt":"2019-10-07T21:04:14","guid":{"rendered":"https:\/\/ch.nassanicosmetics.com\/?post_type=product&#038;p=514"},"modified":"2025-01-24T12:25:46","modified_gmt":"2025-01-24T11:25:46","slug":"collection-soins-cheveux-shampooing-conditioner-huile-pour-barbe","status":"publish","type":"product","link":"https:\/\/ch.nassanicosmetics.com\/en\/product\/pack-hair-care-natural-shampoo-conditioner-beard-oil\/","title":{"rendered":"Hair care collection (shampoo + conditioner + beard oil)"},"content":{"rendered":"<p>[et_pb_section fb_built=&#8221;1&#8243; _builder_version=&#8221;3.22&#8243; custom_padding=&#8221;0px||||false|false&#8221;][et_pb_row _builder_version=&#8221;3.25&#8243; background_size=&#8221;initial&#8221; background_position=&#8221;top_left&#8221; background_repeat=&#8221;repeat&#8221; width=&#8221;100%&#8221; custom_padding=&#8221;0px||0px||false|false&#8221;][et_pb_column type=&#8221;4_4&#8243; _builder_version=&#8221;3.25&#8243; custom_padding=&#8221;|||&#8221; custom_padding__hover=&#8221;|||&#8221;][et_pb_wc_breadcrumb _builder_version=&#8221;3.0.47&#8243;][\/et_pb_wc_breadcrumb][et_pb_wc_cart_notice _builder_version=&#8221;3.0.47&#8243;][\/et_pb_wc_cart_notice][\/et_pb_column][\/et_pb_row][et_pb_row column_structure=&#8221;1_2,1_2&#8243; _builder_version=&#8221;3.25&#8243; background_size=&#8221;initial&#8221; background_position=&#8221;top_left&#8221; background_repeat=&#8221;repeat&#8221; width=&#8221;100%&#8221; custom_padding=&#8221;0px||||false|false&#8221;][et_pb_column type=&#8221;1_2&#8243; _builder_version=&#8221;3.25&#8243; custom_padding=&#8221;|||&#8221; custom_padding__hover=&#8221;|||&#8221;][et_pb_wc_images _builder_version=&#8221;3.0.47&#8243;][\/et_pb_wc_images][\/et_pb_column][et_pb_column type=&#8221;1_2&#8243; _builder_version=&#8221;3.25&#8243; custom_padding=&#8221;|||&#8221; custom_padding__hover=&#8221;|||&#8221;][et_pb_wc_title _builder_version=&#8221;3.0.47&#8243;][\/et_pb_wc_title][et_pb_text _builder_version=&#8221;4.7.7&#8243; _module_preset=&#8221;default&#8221; text_font=&#8221;|600|||||||&#8221; text_text_color=&#8221;#ffffff&#8221; text_font_size=&#8221;18px&#8221; background_color=&#8221;#e02b20&#8243; custom_padding=&#8221;10px||10px||false|false&#8221; global_module=&#8221;3214&#8243; locked=&#8221;off&#8221;]<\/p>\n<p style=\"text-align: center;\">Resv\u00e9ratrol produit en Suisse<\/p>\n<p>[\/et_pb_text][et_pb_wc_rating _builder_version=&#8221;3.0.47&#8243;][\/et_pb_wc_rating][et_pb_wc_price _builder_version=&#8221;3.0.47&#8243;][\/et_pb_wc_price][et_pb_wc_description _builder_version=&#8221;3.0.47&#8243;][\/et_pb_wc_description][et_pb_wc_add_to_cart _builder_version=&#8221;3.0.47&#8243;][\/et_pb_wc_add_to_cart][et_pb_wc_meta _builder_version=&#8221;3.0.47&#8243;][\/et_pb_wc_meta][\/et_pb_column][\/et_pb_row][et_pb_row _builder_version=&#8221;3.25&#8243; background_size=&#8221;initial&#8221; background_position=&#8221;top_left&#8221; background_repeat=&#8221;repeat&#8221; width=&#8221;100%&#8221;][et_pb_column type=&#8221;4_4&#8243; _builder_version=&#8221;3.25&#8243; custom_padding=&#8221;|||&#8221; custom_padding__hover=&#8221;|||&#8221;][et_pb_wc_tabs _builder_version=&#8221;3.0.47&#8243;]\t\t\t\t\t[\/et_pb_wc_tabs][et_pb_wc_upsells _builder_version=&#8221;3.0.47&#8243;][\/et_pb_wc_upsells][et_pb_wc_related_products _builder_version=&#8221;3.0.47&#8243;][\/et_pb_wc_related_products][\/et_pb_column][\/et_pb_row][\/et_pb_section]<\/p>\n","protected":false},"excerpt":{"rendered":"<p class=\"translation-block\">Complete package for optimal hair care and beard. Each pack contains shampoo, conditioner and beard oil. The combination of shampoo and conditioning according to your choice (orange, jasmine or lavender).\nYou can read the full descriptions of each product listed individually.<\/p>","protected":false},"featured_media":911,"comment_status":"open","ping_status":"closed","template":"","meta":{"_et_pb_use_builder":"on","_et_pb_old_content":"<span class=\"s1\">Le shampooing et le revitalisant contiennent du resveratrol naturel, des huiles essentielles et des extraits botaniques avec des ingr\u00e9dients doux. Ces huiles et extraits organiques naturels sont une source pr\u00e9cieuse de <b>min\u00e9raux<\/b> et <b>vitamines A, B, D <\/b>et<b> E<\/b>. L'huile organique de <i>Noix de Coco<\/i> r\u00e9duit la perte de prot\u00e9ines et cr\u00e9e une barri\u00e8re protectrice sur les cheveux laissant une texture satin\u00e9e. L'huile organique de <i>Jojoba<\/i>, gr\u00e2ce \u00e0 ses propri\u00e9t\u00e9s antifongique et anti-inflammatoire, maintient la chevelure propre et en bonne sant\u00e9. Son effet <b>k\u00e9ratoplastique<\/b> rend les cheveux brillants et met en valeur sa couleur naturelle. L\u2019huile de <i>Jojoba<\/i> lisse les cuticules des cheveux et r\u00e9pare les cheveux secs, cr\u00e9pus et ternes. La <b>vitamine C<\/b> et les <b>bio-flavono\u00efdes<\/b> contenus dans l\u2019<i>Oranger de S\u00e9ville<\/i> am\u00e9liore la circulation dans le cuir chevelu, ce qui favorise la croissance de cheveux. Il contient \u00e9galement de l'<b>acide folique<\/b>, un vitamine B indispensable \u00e0 la croissance de cheveux. L\u2019Insonitol pr\u00e9vient la chute de cheveux et stimule leur croissance. L'huile <i>Organique de Tournesol<\/i> est une source importante d'<i>Acide Gamma Alpha Linol\u00e9nique<\/i> (GLA) qui aide \u00e0 pr\u00e9venir la perte de cheveux.<\/span>\r\n\r\n<span class=\"s1\">L'Huile \u00e0 Barbe d\u2019Assur de NASSANI pour un soin complet de la barbe. Fait d'Huiles 100% Naturelles, il fortifie, nourrit et vous donne une barbe plus facile \u00e0 coiffer pour un look frais au quotidien et un beau parfum frais. Combinez-le avec notre <span class=\"s2\">Huile Fortifiante Pour Cheveux<\/span> pour un soin complet<\/span>\r\n<p class=\"p1\"><span class=\"s1\">o Huiles Organiques Naturelles Pures \u00e0 100%.<\/span><\/p>\r\n<p class=\"p1\"><span class=\"s1\">o Renforce les poils de la barbe, les rend brillants, \u00e9pais et faciles \u00e0 coiffer.<\/span><\/p>\r\n<p class=\"p1\"><span class=\"s1\">o Redresse les poils de barbe.<\/span><\/p>\r\n<p class=\"p1\"><span class=\"s1\">o Les huiles nutritives p\u00e9n\u00e8trent dans la tige du cheveu et am\u00e9liorent la sant\u00e9 g\u00e9n\u00e9rale des poils de la barbe.<\/span><\/p>\r\n<p class=\"p1\"><span class=\"s1\">o Favorise la circulation sanguine, il stimule efficacement la croissance des cheveux.<\/span><\/p>\r\n<p class=\"p1\"><span class=\"s1\">o Contient des huiles naturelles reconnues pour leurs propri\u00e9t\u00e9s antiseptiques, antifongiques et antimicrobiennes.<\/span><\/p>\r\n<p class=\"p1\"><span class=\"s1\">o Sans agents de conservation et produits chimiques.<\/span><\/p>\r\n<p class=\"p1\"><span class=\"s1\">o Appliquez une quantit\u00e9 suffisante pour couvrir tous les poils de la barbe. Conserver pendant au moins 1 heure puis laver avec du shampoing et de l'eau.<\/span><\/p>","_et_gb_content_width":""},"product_cat":[18,19],"product_tag":[],"_links":{"self":[{"href":"https:\/\/ch.nassanicosmetics.com\/en\/wp-json\/wp\/v2\/product\/514"}],"collection":[{"href":"https:\/\/ch.nassanicosmetics.com\/en\/wp-json\/wp\/v2\/product"}],"about":[{"href":"https:\/\/ch.nassanicosmetics.com\/en\/wp-json\/wp\/v2\/types\/product"}],"replies":[{"embeddable":true,"href":"https:\/\/ch.nassanicosmetics.com\/en\/wp-json\/wp\/v2\/comments?post=514"}],"wp:featuredmedia":[{"embeddable":true,"href":"https:\/\/ch.nassanicosmetics.com\/en\/wp-json\/wp\/v2\/media\/911"}],"wp:attachment":[{"href":"https:\/\/ch.nassanicosmetics.com\/en\/wp-json\/wp\/v2\/media?parent=514"}],"wp:term":[{"taxonomy":"product_cat","embeddable":true,"href":"https:\/\/ch.nassanicosmetics.com\/en\/wp-json\/wp\/v2\/product_cat?post=514"},{"taxonomy":"product_tag","embeddable":true,"href":"https:\/\/ch.nassanicosmetics.com\/en\/wp-json\/wp\/v2\/product_tag?post=514"}],"curies":[{"name":"wp","href":"https:\/\/api.w.org\/{rel}","templated":true}]}}