{"id":1662,"date":"2020-04-08T23:13:42","date_gmt":"2020-04-08T21:13:42","guid":{"rendered":"https:\/\/ch.nassanicosmetics.com\/?page_id=1662"},"modified":"2020-04-15T11:10:35","modified_gmt":"2020-04-15T09:10:35","slug":"programme-affilies","status":"publish","type":"page","link":"https:\/\/ch.nassanicosmetics.com\/es\/programme-affilies\/","title":{"rendered":"Programa Afiliados"},"content":{"rendered":"<p>[et_pb_section fb_built=&#8221;1&#8243; fullwidth=&#8221;on&#8221; _builder_version=&#8221;4.4.2&#8243; background_image=&#8221;https:\/\/ch.nassanicosmetics.com\/wp-content\/uploads\/sites\/3\/2020\/04\/c4f0837d-78af-4c1c-a61b-ca233445ce24-6151-00000532392bd080-e1586348605446.jpg&#8221;][et_pb_fullwidth_header title=&#8221;Programme Affili\u00e9s&#8221; subhead=&#8221;Faites de l&#8217;argent avec nous !&#8221; button_one_text=&#8221;Connexion \/ Enregistrement&#8221; button_one_url=&#8221;@ET-DC@eyJkeW5hbWljIjp0cnVlLCJjb250ZW50IjoicG9zdF9saW5rX3VybF9wYWdlIiwic2V0dGluZ3MiOnsicG9zdF9pZCI6IjUwIn19@&#8221; button_two_text=&#8221;Espace Affili\u00e9s&#8221; button_two_url=&#8221;@ET-DC@eyJkeW5hbWljIjp0cnVlLCJjb250ZW50IjoicG9zdF9saW5rX3VybF9wYWdlIiwic2V0dGluZ3MiOnsicG9zdF9pZCI6IjEwNjMifX0=@&#8221; _builder_version=&#8221;4.4.2&#8243; _dynamic_attributes=&#8221;button_one_url,button_two_url&#8221; title_font=&#8221;|700|||||||&#8221; title_text_align=&#8221;center&#8221; title_text_color=&#8221;#ffffff&#8221; title_font_size=&#8221;35px&#8221; title_line_height=&#8221;0em&#8221; content_text_align=&#8221;left&#8221; content_font_size=&#8221;18px&#8221; subhead_font=&#8221;|700|||||||&#8221; subhead_text_align=&#8221;center&#8221; subhead_text_color=&#8221;#f0b800&#8243; subhead_font_size=&#8221;23px&#8221; subhead_line_height=&#8221;3em&#8221; background_enable_color=&#8221;off&#8221; use_background_color_gradient=&#8221;on&#8221; background_color_gradient_end=&#8221;rgba(34,68,163,0.58)&#8221; custom_button_one=&#8221;on&#8221; button_one_bg_color=&#8221;#0c71c3&#8243; custom_button_two=&#8221;on&#8221; button_two_bg_color=&#8221;#0c71c3&#8243; custom_padding=&#8221;43px|||||&#8221; hover_enabled=&#8221;0&#8243; title_font_size_tablet=&#8221;&#8221; title_font_size_phone=&#8221;35px&#8221; title_font_size_last_edited=&#8221;on|phone&#8221; title_line_height_tablet=&#8221;&#8221; title_line_height_phone=&#8221;1.1em&#8221; title_line_height_last_edited=&#8221;on|phone&#8221; content_line_height_tablet=&#8221;&#8221; content_line_height_phone=&#8221;1.8em&#8221; content_line_height_last_edited=&#8221;on|phone&#8221; subhead_font_size_tablet=&#8221;&#8221; subhead_font_size_phone=&#8221;23px&#8221; subhead_font_size_last_edited=&#8221;on|phone&#8221; subhead_line_height_tablet=&#8221;&#8221; subhead_line_height_phone=&#8221;1.6em&#8221; subhead_line_height_last_edited=&#8221;on|phone&#8221;]<\/p>\n<p><strong>Cet article vous d\u00e9crit tous les points \u00e0 savoir sur notre programme d&#8217;affili\u00e9s.<br \/> <\/strong><br \/> <strong>&#8211; Introduction<br \/> &#8211; Explication rapide<\/strong><br \/> <strong> &#8211; Point par point<br \/> &#8211; Vos Campagnes publicitaires &amp; R\u00e8gles<br \/> <\/strong><\/p>\n<p>[\/et_pb_fullwidth_header][\/et_pb_section][et_pb_section fb_built=&#8221;1&#8243; _builder_version=&#8221;3.22&#8243; custom_padding=&#8221;22px||74px|||&#8221;][et_pb_row _builder_version=&#8221;4.4.2&#8243; custom_padding=&#8221;31px|||||&#8221;][et_pb_column type=&#8221;4_4&#8243; _builder_version=&#8221;4.4.2&#8243;][et_pb_text _builder_version=&#8221;4.4.2&#8243; text_font=&#8221;|800|||||||&#8221; text_text_color=&#8221;#0c71c3&#8243; text_font_size=&#8221;30px&#8221; locked=&#8221;off&#8221;]<\/p>\n<p>Introduction<\/p>\n<p>[\/et_pb_text][\/et_pb_column][\/et_pb_row][et_pb_row _builder_version=&#8221;4.4.2&#8243; custom_padding=&#8221;14px|||||&#8221;][et_pb_column type=&#8221;4_4&#8243; _builder_version=&#8221;4.4.2&#8243;][et_pb_text _builder_version=&#8221;4.4.2&#8243; text_font=&#8221;|600|||||||&#8221; text_font_size=&#8221;16px&#8221;]<\/p>\n<p>Dans le monde entier, les ventes r\u00e9alis\u00e9es dans le secteur des cosm\u00e9tiques, chaque ann\u00e9e, toutes marques confondues, se m\u00e9surent par <strong>billions de dollars<\/strong> (euros ou franc suisses). Pourquoi pas vous \u00e0 prendre part de ce march\u00e9 si actif et juteux ?\u00a0<br \/>Nous mettons \u00e0 votre disposition notre programme d&#8217;affili\u00e9s qui va justement vous aider \u00e0 faire partie de ce march\u00e9 et logiquement vous permettre de vous faire un revenu selon votre travail.<\/p>\n<p>[\/et_pb_text][\/et_pb_column][\/et_pb_row][et_pb_row _builder_version=&#8221;4.4.2&#8243; custom_padding=&#8221;31px|||||&#8221; locked=&#8221;off&#8221;][et_pb_column type=&#8221;4_4&#8243; _builder_version=&#8221;4.4.2&#8243;][et_pb_text _builder_version=&#8221;4.4.2&#8243; text_font=&#8221;|800|||||||&#8221; text_text_color=&#8221;#0c71c3&#8243; text_font_size=&#8221;30px&#8221; text_line_height_tablet=&#8221;&#8221; text_line_height_phone=&#8221;1.8em&#8221; text_line_height_last_edited=&#8221;on|phone&#8221; locked=&#8221;off&#8221;]<\/p>\n<p>Explication rapide<\/p>\n<p>[\/et_pb_text][\/et_pb_column][\/et_pb_row][et_pb_row column_structure=&#8221;1_2,1_2&#8243; _builder_version=&#8221;4.4.2&#8243; custom_padding=&#8221;11px|||||&#8221;][et_pb_column type=&#8221;1_2&#8243; _builder_version=&#8221;4.4.2&#8243;][et_pb_text _builder_version=&#8221;4.4.2&#8243; text_font=&#8221;|600|||||||&#8221; text_font_size=&#8221;18px&#8221;]<\/p>\n<p><span>Le program d&#8217;affili\u00e9s vous permet de gagner ou g\u00e9n\u00e9rer un revenu (petit ou grand d\u00e9pendant de votre travail) en r\u00e9f\u00e9rant des clients vers notre site et qui r\u00e9alisent un achat. La commission que vous gagnez, actuellement est de <strong>10% sur chaque vente que vous g\u00e9n\u00e9rez <\/strong>(imp\u00f4ts et frais de livraison sont exclus du calcul)<\/span><\/p>\n<p><span>Les commissions sont g\u00e9n\u00e9r\u00e9es et enregistr\u00e9es grace \u00e0 votre lien (url) qui vous est attribu\u00e9 dans votre panel de control d&#8217;affili\u00e9(e).<br \/> Ces commissions vous seront pay\u00e9es chaque mois sur votre Paypal ou Virement bancaire (autre m\u00e9thodes de paiement pourraient \u00eatre utilis\u00e9s).\u00a0<\/span><\/p>\n<p>[\/et_pb_text][\/et_pb_column][et_pb_column type=&#8221;1_2&#8243; _builder_version=&#8221;4.4.2&#8243;][et_pb_image src=&#8221;https:\/\/ch.nassanicosmetics.com\/wp-content\/uploads\/sites\/3\/2020\/04\/c4f0837d-78af-4c1c-a61b-ca233445ce24-6151-00000532392bd080-e1586348605446.jpg&#8221; _builder_version=&#8221;4.4.2&#8243; box_shadow_style=&#8221;preset2&#8243; box_shadow_horizontal=&#8221;26px&#8221;][\/et_pb_image][\/et_pb_column][\/et_pb_row][et_pb_row _builder_version=&#8221;4.4.2&#8243; custom_padding=&#8221;31px|||||&#8221; locked=&#8221;off&#8221;][et_pb_column type=&#8221;4_4&#8243; _builder_version=&#8221;4.4.2&#8243;][et_pb_text _builder_version=&#8221;4.4.2&#8243; text_font=&#8221;|800|||||||&#8221; text_text_color=&#8221;#0c71c3&#8243; text_font_size=&#8221;30px&#8221; locked=&#8221;off&#8221;]<\/p>\n<p>Point par point<\/p>\n<p>[\/et_pb_text][\/et_pb_column][\/et_pb_row][et_pb_row column_structure=&#8221;3_5,2_5&#8243; _builder_version=&#8221;4.4.2&#8243; custom_padding=&#8221;11px||15px|||&#8221; locked=&#8221;off&#8221;][et_pb_column type=&#8221;3_5&#8243; _builder_version=&#8221;4.4.2&#8243;][et_pb_text _builder_version=&#8221;4.4.2&#8243; text_font=&#8221;||||||||&#8221; text_font_size=&#8221;18px&#8221; ul_font_size=&#8221;18px&#8221; ul_line_height=&#8221;1.5em&#8221;]<\/p>\n<ul>\n<li style=\"padding-left: 30px;\">Comme premier point, vous devez avoir une forte envie de vouloir vous faire un revenu et une certaine conviction que vous pouvez travailler sur la longeur et que vous pouvez le faire !\u00a0<br \/>C&#8217;est la cr\u00e9ativit\u00e9, constance et pers\u00e9v\u00e9rance qui vont faire que votre travail donne ses fruits, pour vous, et ainsi gagner de l&#8217;argent.<\/li>\n<li style=\"padding-left: 30px;\">Pour commencer il faut tout simplement vous <strong><a href=\"\/mon-compte\/\" target=\"_blank\" rel=\"noopener noreferrer\">cr\u00e9er un compte<\/a><\/strong> dans notre site. (le compte d&#8217;affili\u00e9 sera cr\u00e9\u00e9 automatiquement)<\/li>\n<li style=\"padding-left: 30px;\">Une fois votre compte cr\u00e9\u00e9, vous vous connectez, et puis vous allez dans le Espace Affili\u00e9s o\u00f9 vous trouverez toutes les informations concernant votre compte, que ce soit les statistiques, votre lien (url) d&#8217;affili\u00e9, des banni\u00e8res disponibles \u00e0 utiliser dans vos campagnes publicitaires, etc<\/li>\n<li style=\"padding-left: 30px;\">Votre lien (url) d&#8217;affili\u00e9 se trouve dans la partie basse du panel de control et ressemble \u00e0 ceci :\u00a0<a href=\"#\">https:\/\/ca.nassanicosmetics.com\/<strong>?a=3<\/strong><\/a><br \/> qui est esenciellement compos\u00e9 par n&#8217;importe quel lien de notre site suivi de votre <strong>ID d&#8217;affili\u00e9<\/strong>, dans cet exemple : <strong>?a=3<\/strong><br \/> Un autre exemple de votre lien:\u00a0<br \/><strong>https:\/\/ca.nassanicosmetics.com\/produit\/anti-age-resveratrol\/?a=3<br \/> Conclusion, il faut ajouter votre ID d&#8217;affili\u00e9 sur un lien quelconque de notre site.<\/strong><\/li>\n<li style=\"padding-left: 30px;\">Les ventes que vous g\u00e9n\u00e9rez sont enregistr\u00e9es dans le syst\u00e8me grace \u00e0 votre lien, tout en sachant que le client potentiel qui a cliqu\u00e9 sur votre lien, a 30 jours pour faire un achat pour que celui-ci soit enregistr\u00e9 comme votre r\u00e9f\u00e9r\u00e9(e).<br \/> Si le client potentiel qui a cliqu\u00e9 votre lien fait un achat apr\u00e8s les 30 jours d&#8217;avoir fait le clic, alors l&#8217;achat ne sera pas comptabilis\u00e9 dans votre compte d&#8217;affili\u00e9.<\/li>\n<li style=\"padding-left: 30px;\">La commission est actuellement fix\u00e9e \u00e0 <strong>10% sur chaque vente que vous g\u00e9n\u00e9rez.<\/strong><\/li>\n<li style=\"padding-left: 30px;\">Les paiements de vos commissions sont effectu\u00e9s tous les mois pour un minimum de CHF 20.-\u00a0 Ceci veut dire que vos commissions devront d\u00e9passer les CHF 20.- pour quelles soient pay\u00e9es. Dans le cas contraire elles passeront (s&#8217;accumuleront) pour le mois prochain ou jusqu&#8217;au moment o\u00f9 elles d\u00e9passeront les CHF 20.-<\/li>\n<li style=\"padding-left: 30px;\">Les paiements se font avec Paypal ou Virement bancaire. Dans le cas o\u00f9 vous pr\u00e9f\u00e9riez un autre moyen de paiement, vous pouvez nous le communiquer via email \u00e0 <a href=\"mailto:in**@******ni.ch\" data-original-string=\"AEDxe733LxYT3scjV1mpNQ==82bkKBl2CK850xFXD+FzsM4qFWqhDKr2+310GTSikt+NgQ=\" title=\"Este contacto ha sido codificado por Anti-Spam by CleanTalk. Haz clic para decodificar. Para finalizar la decodificaci\u00f3n, aseg\u00farate de que JavaScript est\u00e1 activado en tu navegador.\"><span \n                data-original-string='ILZ0OerrUBvAgLN\/U2qxQg==82bD912kRbcrpAPcB+\/sVGdx2LVzYdLb71IdrDl7jmp4CU='\n                class='apbct-email-encoder'\n                title='Este contacto ha sido codificado por Anti-Spam by CleanTalk. Haz clic para decodificar. Para finalizar la decodificaci\u00f3n, aseg\u00farate de que JavaScript est\u00e1 activado en tu navegador.'>in<span class=\"apbct-blur\">**<\/span>@<span class=\"apbct-blur\">******<\/span>ni.ch<\/span><\/a>\u00a0<strong><\/strong><\/li>\n<\/ul>\n<p>&nbsp;<\/p>\n<p>[\/et_pb_text][\/et_pb_column][et_pb_column type=&#8221;2_5&#8243; _builder_version=&#8221;4.4.2&#8243;][et_pb_image src=&#8221;https:\/\/ch.nassanicosmetics.com\/wp-content\/uploads\/sites\/3\/2020\/04\/key-e1586376164196.jpeg&#8221; _builder_version=&#8221;4.4.2&#8243; custom_margin=&#8221;||93px|||&#8221; box_shadow_style=&#8221;preset2&#8243; box_shadow_horizontal=&#8221;15px&#8221; box_shadow_blur=&#8221;30px&#8221;][\/et_pb_image][et_pb_image src=&#8221;https:\/\/ch.nassanicosmetics.com\/wp-content\/uploads\/sites\/3\/2020\/04\/laptop_femme-e1586376210823.jpeg&#8221; _builder_version=&#8221;4.4.2&#8243; custom_margin=&#8221;||89px|||&#8221; box_shadow_style=&#8221;preset2&#8243; box_shadow_horizontal=&#8221;14px&#8221; box_shadow_blur=&#8221;30px&#8221;][\/et_pb_image][et_pb_image src=&#8221;https:\/\/ch.nassanicosmetics.com\/wp-content\/uploads\/sites\/3\/2020\/04\/money-e1586376240415.jpeg&#8221; _builder_version=&#8221;4.4.2&#8243; box_shadow_style=&#8221;preset2&#8243; box_shadow_horizontal=&#8221;16px&#8221; box_shadow_blur=&#8221;30px&#8221;][\/et_pb_image][\/et_pb_column][\/et_pb_row][et_pb_row _builder_version=&#8221;4.4.2&#8243; custom_padding=&#8221;31px|||||&#8221; locked=&#8221;off&#8221;][et_pb_column type=&#8221;4_4&#8243; _builder_version=&#8221;4.4.2&#8243;][et_pb_text _builder_version=&#8221;4.4.2&#8243; text_font=&#8221;|800|||||||&#8221; text_text_color=&#8221;#0c71c3&#8243; text_font_size=&#8221;30px&#8221; text_font_size_tablet=&#8221;&#8221; text_font_size_phone=&#8221;&#8221; text_font_size_last_edited=&#8221;on|desktop&#8221; text_line_height_tablet=&#8221;&#8221; text_line_height_phone=&#8221;1.8em&#8221; text_line_height_last_edited=&#8221;on|phone&#8221; locked=&#8221;off&#8221;]<\/p>\n<p class=\"p1\">Vos Campagnes publicitaires et R\u00e8gles \u00e0 respecter<\/p>\n<p>[\/et_pb_text][\/et_pb_column][\/et_pb_row][et_pb_row _builder_version=&#8221;4.4.2&#8243; custom_padding=&#8221;11px|||||&#8221; locked=&#8221;off&#8221;][et_pb_column type=&#8221;4_4&#8243; _builder_version=&#8221;4.4.2&#8243;][et_pb_text _builder_version=&#8221;4.4.2&#8243; text_font=&#8221;||||||||&#8221; text_font_size=&#8221;18px&#8221; ul_font_size=&#8221;18px&#8221; ul_line_height=&#8221;1.5em&#8221;]<\/p>\n<ul>\n<li style=\"padding-left: 30px;\">En ligne g\u00e9n\u00e9rale vous \u00eates libre dans vos campagnes publicitaires mais par logique, des r\u00e8gles doivent \u00eatre respect\u00e9es. Explications en bas.<\/li>\n<li style=\"padding-left: 30px;\">Votre cr\u00e9ativit\u00e9 est sans limites, <strong>vous pouvez utiliser tous les r\u00e9seaux sociaux, emails, blogs, photos, videos, etc<\/strong> \u2026<span class=\"Apple-converted-space\">\u00a0 <\/span>Sans oublier bien sur d\u2019utiliser votre lien (url) d\u2019affili\u00e9(e)<\/li>\n<li style=\"padding-left: 30px;\">Des banni\u00e8res sont aussi disponibles dans votre Espace Affili\u00e9. Vous pouvez soit utiliser le code qui vous est fourni ou bien les t\u00e9l\u00e9charger pour les ins\u00e9rer o\u00f9 vous d\u00e9sirez, et ajouter votre lien (url) d&#8217;affili\u00e9.<\/li>\n<li style=\"padding-left: 30px;\">Du travail offline est possible, ce n\u2019est pas interdit, mais dans ce cas il va falloir s\u2019assurer que votre client potentiel utilise\/clic bien votre lien d\u2019affili\u00e9 car dans le cas contraire, la vente ne sera pas comptabilis\u00e9e dans votre compte d\u2019affili\u00e9(e).<\/li>\n<li style=\"padding-left: 30px;\">De la constance. Il faut poster ou r\u00e9aliser des campagnes de fa\u00e7on constante pour pouvoir attirer la client\u00e8le que vous d\u00e9sirez. I faut \u00eatre presque infatigable.<\/li>\n<li style=\"padding-left: 30px;\"><strong>No SPAM<\/strong>. Alors attention sur ce point qui finalement affecte tout le monde. Bien qu\u2019il faut de la constance et pers\u00e9v\u00e9rance dans votre travail, il ne faut jamais tomber dans le SPAM. C\u2019est \u00e0 dire on vas pas commencer \u00e0 poster partout chaque heure, ou envoyer des emails r\u00e9p\u00e9titifs aux gens m\u00eame s\u2019ils sont vos amis, etc.<span class=\"Apple-converted-space\">\u00a0 <\/span><strong>IL FAUT AVOIR UNE LOGIQUE ET UNE ETIQUE partout<\/strong>.<\/li>\n<li style=\"padding-left: 30px;\">Toujours dans le contexte du spam, vous devez savoir que votre compte pourrait \u00eatre ferm\u00e9 par nos administrateurs si nous recevons de plaintes ou si nous observons une activit\u00e9 qui d\u00e9passent les limites du permis.<\/li>\n<\/ul>\n<p>[\/et_pb_text][\/et_pb_column][\/et_pb_row][et_pb_row column_structure=&#8221;1_2,1_2&#8243; _builder_version=&#8221;4.4.2&#8243;][et_pb_column type=&#8221;1_2&#8243; _builder_version=&#8221;4.4.2&#8243;][et_pb_button button_url=&#8221;@ET-DC@eyJkeW5hbWljIjp0cnVlLCJjb250ZW50IjoicG9zdF9saW5rX3VybF9wYWdlIiwic2V0dGluZ3MiOnsicG9zdF9pZCI6IjUwIn19@&#8221; button_text=&#8221;Connection \/ Enregistrement&#8221; button_alignment=&#8221;right&#8221; _builder_version=&#8221;4.4.2&#8243; _dynamic_attributes=&#8221;button_url&#8221; custom_button=&#8221;on&#8221; button_text_color=&#8221;#ffffff&#8221; button_bg_color=&#8221;#0c71c3&#8243;][\/et_pb_button][\/et_pb_column][et_pb_column type=&#8221;1_2&#8243; _builder_version=&#8221;4.4.2&#8243;][et_pb_button button_url=&#8221;@ET-DC@eyJkeW5hbWljIjp0cnVlLCJjb250ZW50IjoicG9zdF9saW5rX3VybF9wYWdlIiwic2V0dGluZ3MiOnsicG9zdF9pZCI6IjEwNjMifX0=@&#8221; button_text=&#8221;Espace Affili\u00e9s&#8221; _builder_version=&#8221;4.4.2&#8243; _dynamic_attributes=&#8221;button_url&#8221; custom_button=&#8221;on&#8221; button_text_color=&#8221;#ffffff&#8221; button_bg_color=&#8221;#0c71c3&#8243;][\/et_pb_button][\/et_pb_column][\/et_pb_row][\/et_pb_section]<\/p>\n","protected":false},"excerpt":{"rendered":"<p>Cet article vous d\u00e9crit tous les points \u00e0 savoir sur notre programme d&#8217;affili\u00e9s. &#8211; Introduction &#8211; Explication rapide &#8211; Point par point &#8211; Vos Campagnes publicitaires &amp; R\u00e8gles IntroductionDans le monde entier, les ventes r\u00e9alis\u00e9es dans le secteur des cosm\u00e9tiques, chaque ann\u00e9e, toutes marques confondues, se m\u00e9surent par billions de dollars (euros ou franc suisses). [&hellip;]<\/p>\n","protected":false},"author":1,"featured_media":0,"parent":0,"menu_order":0,"comment_status":"closed","ping_status":"closed","template":"","meta":{"_et_pb_use_builder":"on","_et_pb_old_content":"<!-- wp:divi\/placeholder \/-->","_et_gb_content_width":""},"_links":{"self":[{"href":"https:\/\/ch.nassanicosmetics.com\/es\/wp-json\/wp\/v2\/pages\/1662"}],"collection":[{"href":"https:\/\/ch.nassanicosmetics.com\/es\/wp-json\/wp\/v2\/pages"}],"about":[{"href":"https:\/\/ch.nassanicosmetics.com\/es\/wp-json\/wp\/v2\/types\/page"}],"author":[{"embeddable":true,"href":"https:\/\/ch.nassanicosmetics.com\/es\/wp-json\/wp\/v2\/users\/1"}],"replies":[{"embeddable":true,"href":"https:\/\/ch.nassanicosmetics.com\/es\/wp-json\/wp\/v2\/comments?post=1662"}],"version-history":[{"count":16,"href":"https:\/\/ch.nassanicosmetics.com\/es\/wp-json\/wp\/v2\/pages\/1662\/revisions"}],"predecessor-version":[{"id":1737,"href":"https:\/\/ch.nassanicosmetics.com\/es\/wp-json\/wp\/v2\/pages\/1662\/revisions\/1737"}],"wp:attachment":[{"href":"https:\/\/ch.nassanicosmetics.com\/es\/wp-json\/wp\/v2\/media?parent=1662"}],"curies":[{"name":"wp","href":"https:\/\/api.w.org\/{rel}","templated":true}]}}